
{"id":6225,"date":"2017-05-25T08:25:13","date_gmt":"2017-05-25T01:25:13","guid":{"rendered":"http:\/\/vainoithatkhachsan.com\/san-pham\/khan-mat-01\/"},"modified":"2019-08-10T19:03:23","modified_gmt":"2019-08-10T12:03:23","slug":"khan-mat-01","status":"publish","type":"product","link":"https:\/\/vainoithatkhachsan.com\/en\/products\/khan-mat-01\/","title":{"rendered":"Kh\u0103n m\u1eb7t 01"},"content":{"rendered":"","protected":false},"excerpt":{"rendered":"","protected":false},"featured_media":6204,"comment_status":"open","ping_status":"closed","template":"","meta":[],"product_cat":[88],"product_tag":[],"yoast_head":"<!-- This site is optimized with the Yoast SEO plugin v22.4 - https:\/\/yoast.com\/wordpress\/plugins\/seo\/ -->\n<title>Kh\u0103n m\u1eb7t 01 - N\u1ed8I TH\u1ea4T GIA VI\u1ec6T<\/title>\n<meta name=\"description\" content=\"GIAVICO- C\u00f4ng ty chuy\u00ean s\u1ea3n xu\u1ea5t kh\u0103n b\u00f4ng kh\u00e1ch s\u1ea1n, resort tr\u00ean to\u00e0n qu\u1ed1cNhi\u1ec1u ch\u1ee7ng lo\u1ea1i kh\u00e1c nhau: kh\u0103n t\u1eafm kh\u00e1ch s\u1ea1n, kh\u0103n tay, kh\u0103n m\u1eb7t, kh\u0103n h\u1ed3 b\u01a1i,\" \/>\n<meta name=\"robots\" content=\"index, follow, max-snippet:-1, max-image-preview:large, max-video-preview:-1\" \/>\n<link rel=\"canonical\" href=\"http:\/\/vainoithatkhachsan.com\/en\/products\/khan-mat-01\/\" \/>\n<meta property=\"og:locale\" content=\"en_US\" \/>\n<meta property=\"og:type\" content=\"article\" \/>\n<meta property=\"og:title\" content=\"Kh\u0103n m\u1eb7t 01 - N\u1ed8I TH\u1ea4T GIA VI\u1ec6T\" \/>\n<meta property=\"og:description\" content=\"GIAVICO- C\u00f4ng ty chuy\u00ean s\u1ea3n xu\u1ea5t kh\u0103n b\u00f4ng kh\u00e1ch s\u1ea1n, resort tr\u00ean to\u00e0n qu\u1ed1cNhi\u1ec1u ch\u1ee7ng lo\u1ea1i kh\u00e1c nhau: kh\u0103n t\u1eafm kh\u00e1ch s\u1ea1n, kh\u0103n tay, kh\u0103n m\u1eb7t, kh\u0103n h\u1ed3 b\u01a1i,\" \/>\n<meta property=\"og:url\" content=\"http:\/\/vainoithatkhachsan.com\/en\/products\/khan-mat-01\/\" \/>\n<meta property=\"og:site_name\" content=\"N\u1ed8I TH\u1ea4T GIA VI\u1ec6T\" \/>\n<meta property=\"article:modified_time\" content=\"2019-08-10T12:03:23+00:00\" \/>\n<meta property=\"og:image\" content=\"http:\/\/vainoithatkhachsan.com\/wp-content\/uploads\/2017\/05\/336133892.jpg\" \/>\n\t<meta property=\"og:image:width\" content=\"605\" \/>\n\t<meta property=\"og:image:height\" content=\"590\" \/>\n\t<meta property=\"og:image:type\" content=\"image\/jpeg\" \/>\n<meta name=\"twitter:card\" content=\"summary_large_image\" \/>\n<script type=\"application\/ld+json\" class=\"yoast-schema-graph\">{\"@context\":\"https:\/\/schema.org\",\"@graph\":[{\"@type\":\"WebPage\",\"@id\":\"http:\/\/vainoithatkhachsan.com\/en\/products\/khan-mat-01\/\",\"url\":\"http:\/\/vainoithatkhachsan.com\/en\/products\/khan-mat-01\/\",\"name\":\"Kh\u0103n m\u1eb7t 01 - N\u1ed8I TH\u1ea4T GIA VI\u1ec6T\",\"isPartOf\":{\"@id\":\"https:\/\/vainoithatkhachsan.com\/en\/#website\"},\"primaryImageOfPage\":{\"@id\":\"http:\/\/vainoithatkhachsan.com\/en\/products\/khan-mat-01\/#primaryimage\"},\"image\":{\"@id\":\"http:\/\/vainoithatkhachsan.com\/en\/products\/khan-mat-01\/#primaryimage\"},\"thumbnailUrl\":\"https:\/\/vainoithatkhachsan.com\/wp-content\/uploads\/2017\/05\/336133892.jpg\",\"datePublished\":\"2017-05-25T01:25:13+00:00\",\"dateModified\":\"2019-08-10T12:03:23+00:00\",\"description\":\"GIAVICO- C\u00f4ng ty chuy\u00ean s\u1ea3n xu\u1ea5t kh\u0103n b\u00f4ng kh\u00e1ch s\u1ea1n, resort tr\u00ean to\u00e0n qu\u1ed1cNhi\u1ec1u ch\u1ee7ng lo\u1ea1i kh\u00e1c nhau: kh\u0103n t\u1eafm kh\u00e1ch s\u1ea1n, kh\u0103n tay, kh\u0103n m\u1eb7t, kh\u0103n h\u1ed3 b\u01a1i,\",\"breadcrumb\":{\"@id\":\"http:\/\/vainoithatkhachsan.com\/en\/products\/khan-mat-01\/#breadcrumb\"},\"inLanguage\":\"en-US\",\"potentialAction\":[{\"@type\":\"ReadAction\",\"target\":[\"http:\/\/vainoithatkhachsan.com\/en\/products\/khan-mat-01\/\"]}]},{\"@type\":\"ImageObject\",\"inLanguage\":\"en-US\",\"@id\":\"http:\/\/vainoithatkhachsan.com\/en\/products\/khan-mat-01\/#primaryimage\",\"url\":\"https:\/\/vainoithatkhachsan.com\/wp-content\/uploads\/2017\/05\/336133892.jpg\",\"contentUrl\":\"https:\/\/vainoithatkhachsan.com\/wp-content\/uploads\/2017\/05\/336133892.jpg\",\"width\":605,\"height\":590},{\"@type\":\"BreadcrumbList\",\"@id\":\"http:\/\/vainoithatkhachsan.com\/en\/products\/khan-mat-01\/#breadcrumb\",\"itemListElement\":[{\"@type\":\"ListItem\",\"position\":1,\"name\":\"Trang ch\u1ee7\",\"item\":\"https:\/\/vainoithatkhachsan.com\/en\/\"},{\"@type\":\"ListItem\",\"position\":2,\"name\":\"Shop\",\"item\":\"https:\/\/vainoithatkhachsan.com\/en\/shop\/\"},{\"@type\":\"ListItem\",\"position\":3,\"name\":\"Kh\u0103n m\u1eb7t 01\"}]},{\"@type\":\"WebSite\",\"@id\":\"https:\/\/vainoithatkhachsan.com\/en\/#website\",\"url\":\"https:\/\/vainoithatkhachsan.com\/en\/\",\"name\":\"N\u1ed8I TH\u1ea4T GIA VI\u1ec6T\",\"description\":\"CHUY\u00caN CH\u0102N GA G\u1ed0I N\u1ec6M\",\"potentialAction\":[{\"@type\":\"SearchAction\",\"target\":{\"@type\":\"EntryPoint\",\"urlTemplate\":\"https:\/\/vainoithatkhachsan.com\/en\/?s={search_term_string}\"},\"query-input\":\"required name=search_term_string\"}],\"inLanguage\":\"en-US\"}]}<\/script>\n<!-- \/ Yoast SEO plugin. -->","yoast_head_json":{"title":"Kh\u0103n m\u1eb7t 01 - N\u1ed8I TH\u1ea4T GIA VI\u1ec6T","description":"GIAVICO- C\u00f4ng ty chuy\u00ean s\u1ea3n xu\u1ea5t kh\u0103n b\u00f4ng kh\u00e1ch s\u1ea1n, resort tr\u00ean to\u00e0n qu\u1ed1cNhi\u1ec1u ch\u1ee7ng lo\u1ea1i kh\u00e1c nhau: kh\u0103n t\u1eafm kh\u00e1ch s\u1ea1n, kh\u0103n tay, kh\u0103n m\u1eb7t, kh\u0103n h\u1ed3 b\u01a1i,","robots":{"index":"index","follow":"follow","max-snippet":"max-snippet:-1","max-image-preview":"max-image-preview:large","max-video-preview":"max-video-preview:-1"},"canonical":"http:\/\/vainoithatkhachsan.com\/en\/products\/khan-mat-01\/","og_locale":"en_US","og_type":"article","og_title":"Kh\u0103n m\u1eb7t 01 - N\u1ed8I TH\u1ea4T GIA VI\u1ec6T","og_description":"GIAVICO- C\u00f4ng ty chuy\u00ean s\u1ea3n xu\u1ea5t kh\u0103n b\u00f4ng kh\u00e1ch s\u1ea1n, resort tr\u00ean to\u00e0n qu\u1ed1cNhi\u1ec1u ch\u1ee7ng lo\u1ea1i kh\u00e1c nhau: kh\u0103n t\u1eafm kh\u00e1ch s\u1ea1n, kh\u0103n tay, kh\u0103n m\u1eb7t, kh\u0103n h\u1ed3 b\u01a1i,","og_url":"http:\/\/vainoithatkhachsan.com\/en\/products\/khan-mat-01\/","og_site_name":"N\u1ed8I TH\u1ea4T GIA VI\u1ec6T","article_modified_time":"2019-08-10T12:03:23+00:00","og_image":[{"width":605,"height":590,"url":"http:\/\/vainoithatkhachsan.com\/wp-content\/uploads\/2017\/05\/336133892.jpg","type":"image\/jpeg"}],"twitter_card":"summary_large_image","schema":{"@context":"https:\/\/schema.org","@graph":[{"@type":"WebPage","@id":"http:\/\/vainoithatkhachsan.com\/en\/products\/khan-mat-01\/","url":"http:\/\/vainoithatkhachsan.com\/en\/products\/khan-mat-01\/","name":"Kh\u0103n m\u1eb7t 01 - N\u1ed8I TH\u1ea4T GIA VI\u1ec6T","isPartOf":{"@id":"https:\/\/vainoithatkhachsan.com\/en\/#website"},"primaryImageOfPage":{"@id":"http:\/\/vainoithatkhachsan.com\/en\/products\/khan-mat-01\/#primaryimage"},"image":{"@id":"http:\/\/vainoithatkhachsan.com\/en\/products\/khan-mat-01\/#primaryimage"},"thumbnailUrl":"https:\/\/vainoithatkhachsan.com\/wp-content\/uploads\/2017\/05\/336133892.jpg","datePublished":"2017-05-25T01:25:13+00:00","dateModified":"2019-08-10T12:03:23+00:00","description":"GIAVICO- C\u00f4ng ty chuy\u00ean s\u1ea3n xu\u1ea5t kh\u0103n b\u00f4ng kh\u00e1ch s\u1ea1n, resort tr\u00ean to\u00e0n qu\u1ed1cNhi\u1ec1u ch\u1ee7ng lo\u1ea1i kh\u00e1c nhau: kh\u0103n t\u1eafm kh\u00e1ch s\u1ea1n, kh\u0103n tay, kh\u0103n m\u1eb7t, kh\u0103n h\u1ed3 b\u01a1i,","breadcrumb":{"@id":"http:\/\/vainoithatkhachsan.com\/en\/products\/khan-mat-01\/#breadcrumb"},"inLanguage":"en-US","potentialAction":[{"@type":"ReadAction","target":["http:\/\/vainoithatkhachsan.com\/en\/products\/khan-mat-01\/"]}]},{"@type":"ImageObject","inLanguage":"en-US","@id":"http:\/\/vainoithatkhachsan.com\/en\/products\/khan-mat-01\/#primaryimage","url":"https:\/\/vainoithatkhachsan.com\/wp-content\/uploads\/2017\/05\/336133892.jpg","contentUrl":"https:\/\/vainoithatkhachsan.com\/wp-content\/uploads\/2017\/05\/336133892.jpg","width":605,"height":590},{"@type":"BreadcrumbList","@id":"http:\/\/vainoithatkhachsan.com\/en\/products\/khan-mat-01\/#breadcrumb","itemListElement":[{"@type":"ListItem","position":1,"name":"Trang ch\u1ee7","item":"https:\/\/vainoithatkhachsan.com\/en\/"},{"@type":"ListItem","position":2,"name":"Shop","item":"https:\/\/vainoithatkhachsan.com\/en\/shop\/"},{"@type":"ListItem","position":3,"name":"Kh\u0103n m\u1eb7t 01"}]},{"@type":"WebSite","@id":"https:\/\/vainoithatkhachsan.com\/en\/#website","url":"https:\/\/vainoithatkhachsan.com\/en\/","name":"N\u1ed8I TH\u1ea4T GIA VI\u1ec6T","description":"CHUY\u00caN CH\u0102N GA G\u1ed0I N\u1ec6M","potentialAction":[{"@type":"SearchAction","target":{"@type":"EntryPoint","urlTemplate":"https:\/\/vainoithatkhachsan.com\/en\/?s={search_term_string}"},"query-input":"required name=search_term_string"}],"inLanguage":"en-US"}]}},"_links":{"self":[{"href":"https:\/\/vainoithatkhachsan.com\/en\/wp-json\/wp\/v2\/product\/6225"}],"collection":[{"href":"https:\/\/vainoithatkhachsan.com\/en\/wp-json\/wp\/v2\/product"}],"about":[{"href":"https:\/\/vainoithatkhachsan.com\/en\/wp-json\/wp\/v2\/types\/product"}],"replies":[{"embeddable":true,"href":"https:\/\/vainoithatkhachsan.com\/en\/wp-json\/wp\/v2\/comments?post=6225"}],"wp:featuredmedia":[{"embeddable":true,"href":"https:\/\/vainoithatkhachsan.com\/en\/wp-json\/wp\/v2\/media\/6204"}],"wp:attachment":[{"href":"https:\/\/vainoithatkhachsan.com\/en\/wp-json\/wp\/v2\/media?parent=6225"}],"wp:term":[{"taxonomy":"product_cat","embeddable":true,"href":"https:\/\/vainoithatkhachsan.com\/en\/wp-json\/wp\/v2\/product_cat?post=6225"},{"taxonomy":"product_tag","embeddable":true,"href":"https:\/\/vainoithatkhachsan.com\/en\/wp-json\/wp\/v2\/product_tag?post=6225"}],"curies":[{"name":"wp","href":"https:\/\/api.w.org\/{rel}","templated":true}]}}