
{"id":6227,"date":"2017-05-25T08:23:48","date_gmt":"2017-05-25T01:23:48","guid":{"rendered":"http:\/\/vainoithatkhachsan.com\/san-pham\/ao-choang-tam-01\/"},"modified":"2019-08-10T19:28:34","modified_gmt":"2019-08-10T12:28:34","slug":"ao-choang-tam-01","status":"publish","type":"product","link":"https:\/\/vainoithatkhachsan.com\/en\/products\/ao-choang-tam-01\/","title":{"rendered":"\u00c1o cho\u00e0ng t\u1eafm 01"},"content":{"rendered":"","protected":false},"excerpt":{"rendered":"","protected":false},"featured_media":6198,"comment_status":"open","ping_status":"closed","template":"","meta":[],"product_cat":[87,86],"product_tag":[],"yoast_head":"<!-- This site is optimized with the Yoast SEO plugin v22.4 - https:\/\/yoast.com\/wordpress\/plugins\/seo\/ -->\n<title>\u00c1o cho\u00e0ng t\u1eafm 01 - N\u1ed8I TH\u1ea4T GIA VI\u1ec6T<\/title>\n<meta name=\"description\" content=\"GIAVICO- C\u00f4ng ty chuy\u00ean s\u1ea3n xu\u1ea5t kh\u0103n b\u00f4ng, \u00e1o cho\u00e0ng t\u1eafm kh\u00e1ch s\u1ea1n, resort tr\u00ean to\u00e0n qu\u1ed1c, s\u1ea3n xu\u1ea5t tr\u1ef1c ti\u1ebfp, kh\u00f4ng qua trung gian, gi\u00e1 c\u1ea3 c\u1ea1nh tranh\" \/>\n<meta name=\"robots\" content=\"index, follow, max-snippet:-1, max-image-preview:large, max-video-preview:-1\" \/>\n<link rel=\"canonical\" href=\"https:\/\/vainoithatkhachsan.com\/en\/products\/ao-choang-tam-01\/\" \/>\n<meta property=\"og:locale\" content=\"en_US\" \/>\n<meta property=\"og:type\" content=\"article\" \/>\n<meta property=\"og:title\" content=\"\u00c1o cho\u00e0ng t\u1eafm 01 - N\u1ed8I TH\u1ea4T GIA VI\u1ec6T\" \/>\n<meta property=\"og:description\" content=\"GIAVICO- C\u00f4ng ty chuy\u00ean s\u1ea3n xu\u1ea5t kh\u0103n b\u00f4ng, \u00e1o cho\u00e0ng t\u1eafm kh\u00e1ch s\u1ea1n, resort tr\u00ean to\u00e0n qu\u1ed1c, s\u1ea3n xu\u1ea5t tr\u1ef1c ti\u1ebfp, kh\u00f4ng qua trung gian, gi\u00e1 c\u1ea3 c\u1ea1nh tranh\" \/>\n<meta property=\"og:url\" content=\"https:\/\/vainoithatkhachsan.com\/en\/products\/ao-choang-tam-01\/\" \/>\n<meta property=\"og:site_name\" content=\"N\u1ed8I TH\u1ea4T GIA VI\u1ec6T\" \/>\n<meta property=\"article:modified_time\" content=\"2019-08-10T12:28:34+00:00\" \/>\n<meta property=\"og:image\" content=\"https:\/\/vainoithatkhachsan.com\/wp-content\/uploads\/2017\/05\/monacorobe.jpg\" \/>\n\t<meta property=\"og:image:width\" content=\"1200\" \/>\n\t<meta property=\"og:image:height\" content=\"1200\" \/>\n\t<meta property=\"og:image:type\" content=\"image\/jpeg\" \/>\n<meta name=\"twitter:card\" content=\"summary_large_image\" \/>\n<script type=\"application\/ld+json\" class=\"yoast-schema-graph\">{\"@context\":\"https:\/\/schema.org\",\"@graph\":[{\"@type\":\"WebPage\",\"@id\":\"https:\/\/vainoithatkhachsan.com\/en\/products\/ao-choang-tam-01\/\",\"url\":\"https:\/\/vainoithatkhachsan.com\/en\/products\/ao-choang-tam-01\/\",\"name\":\"\u00c1o cho\u00e0ng t\u1eafm 01 - N\u1ed8I TH\u1ea4T GIA VI\u1ec6T\",\"isPartOf\":{\"@id\":\"https:\/\/vainoithatkhachsan.com\/en\/#website\"},\"primaryImageOfPage\":{\"@id\":\"https:\/\/vainoithatkhachsan.com\/en\/products\/ao-choang-tam-01\/#primaryimage\"},\"image\":{\"@id\":\"https:\/\/vainoithatkhachsan.com\/en\/products\/ao-choang-tam-01\/#primaryimage\"},\"thumbnailUrl\":\"https:\/\/vainoithatkhachsan.com\/wp-content\/uploads\/2017\/05\/monacorobe.jpg\",\"datePublished\":\"2017-05-25T01:23:48+00:00\",\"dateModified\":\"2019-08-10T12:28:34+00:00\",\"description\":\"GIAVICO- C\u00f4ng ty chuy\u00ean s\u1ea3n xu\u1ea5t kh\u0103n b\u00f4ng, \u00e1o cho\u00e0ng t\u1eafm kh\u00e1ch s\u1ea1n, resort tr\u00ean to\u00e0n qu\u1ed1c, s\u1ea3n xu\u1ea5t tr\u1ef1c ti\u1ebfp, kh\u00f4ng qua trung gian, gi\u00e1 c\u1ea3 c\u1ea1nh tranh\",\"breadcrumb\":{\"@id\":\"https:\/\/vainoithatkhachsan.com\/en\/products\/ao-choang-tam-01\/#breadcrumb\"},\"inLanguage\":\"en-US\",\"potentialAction\":[{\"@type\":\"ReadAction\",\"target\":[\"https:\/\/vainoithatkhachsan.com\/en\/products\/ao-choang-tam-01\/\"]}]},{\"@type\":\"ImageObject\",\"inLanguage\":\"en-US\",\"@id\":\"https:\/\/vainoithatkhachsan.com\/en\/products\/ao-choang-tam-01\/#primaryimage\",\"url\":\"https:\/\/vainoithatkhachsan.com\/wp-content\/uploads\/2017\/05\/monacorobe.jpg\",\"contentUrl\":\"https:\/\/vainoithatkhachsan.com\/wp-content\/uploads\/2017\/05\/monacorobe.jpg\",\"width\":1200,\"height\":1200},{\"@type\":\"BreadcrumbList\",\"@id\":\"https:\/\/vainoithatkhachsan.com\/en\/products\/ao-choang-tam-01\/#breadcrumb\",\"itemListElement\":[{\"@type\":\"ListItem\",\"position\":1,\"name\":\"Trang ch\u1ee7\",\"item\":\"https:\/\/vainoithatkhachsan.com\/en\/\"},{\"@type\":\"ListItem\",\"position\":2,\"name\":\"Shop\",\"item\":\"https:\/\/vainoithatkhachsan.com\/en\/shop\/\"},{\"@type\":\"ListItem\",\"position\":3,\"name\":\"\u00c1o cho\u00e0ng t\u1eafm 01\"}]},{\"@type\":\"WebSite\",\"@id\":\"https:\/\/vainoithatkhachsan.com\/en\/#website\",\"url\":\"https:\/\/vainoithatkhachsan.com\/en\/\",\"name\":\"N\u1ed8I TH\u1ea4T GIA VI\u1ec6T\",\"description\":\"CHUY\u00caN CH\u0102N GA G\u1ed0I N\u1ec6M\",\"potentialAction\":[{\"@type\":\"SearchAction\",\"target\":{\"@type\":\"EntryPoint\",\"urlTemplate\":\"https:\/\/vainoithatkhachsan.com\/en\/?s={search_term_string}\"},\"query-input\":\"required name=search_term_string\"}],\"inLanguage\":\"en-US\"}]}<\/script>\n<!-- \/ Yoast SEO plugin. -->","yoast_head_json":{"title":"\u00c1o cho\u00e0ng t\u1eafm 01 - N\u1ed8I TH\u1ea4T GIA VI\u1ec6T","description":"GIAVICO- C\u00f4ng ty chuy\u00ean s\u1ea3n xu\u1ea5t kh\u0103n b\u00f4ng, \u00e1o cho\u00e0ng t\u1eafm kh\u00e1ch s\u1ea1n, resort tr\u00ean to\u00e0n qu\u1ed1c, s\u1ea3n xu\u1ea5t tr\u1ef1c ti\u1ebfp, kh\u00f4ng qua trung gian, gi\u00e1 c\u1ea3 c\u1ea1nh tranh","robots":{"index":"index","follow":"follow","max-snippet":"max-snippet:-1","max-image-preview":"max-image-preview:large","max-video-preview":"max-video-preview:-1"},"canonical":"https:\/\/vainoithatkhachsan.com\/en\/products\/ao-choang-tam-01\/","og_locale":"en_US","og_type":"article","og_title":"\u00c1o cho\u00e0ng t\u1eafm 01 - N\u1ed8I TH\u1ea4T GIA VI\u1ec6T","og_description":"GIAVICO- C\u00f4ng ty chuy\u00ean s\u1ea3n xu\u1ea5t kh\u0103n b\u00f4ng, \u00e1o cho\u00e0ng t\u1eafm kh\u00e1ch s\u1ea1n, resort tr\u00ean to\u00e0n qu\u1ed1c, s\u1ea3n xu\u1ea5t tr\u1ef1c ti\u1ebfp, kh\u00f4ng qua trung gian, gi\u00e1 c\u1ea3 c\u1ea1nh tranh","og_url":"https:\/\/vainoithatkhachsan.com\/en\/products\/ao-choang-tam-01\/","og_site_name":"N\u1ed8I TH\u1ea4T GIA VI\u1ec6T","article_modified_time":"2019-08-10T12:28:34+00:00","og_image":[{"width":1200,"height":1200,"url":"https:\/\/vainoithatkhachsan.com\/wp-content\/uploads\/2017\/05\/monacorobe.jpg","type":"image\/jpeg"}],"twitter_card":"summary_large_image","schema":{"@context":"https:\/\/schema.org","@graph":[{"@type":"WebPage","@id":"https:\/\/vainoithatkhachsan.com\/en\/products\/ao-choang-tam-01\/","url":"https:\/\/vainoithatkhachsan.com\/en\/products\/ao-choang-tam-01\/","name":"\u00c1o cho\u00e0ng t\u1eafm 01 - N\u1ed8I TH\u1ea4T GIA VI\u1ec6T","isPartOf":{"@id":"https:\/\/vainoithatkhachsan.com\/en\/#website"},"primaryImageOfPage":{"@id":"https:\/\/vainoithatkhachsan.com\/en\/products\/ao-choang-tam-01\/#primaryimage"},"image":{"@id":"https:\/\/vainoithatkhachsan.com\/en\/products\/ao-choang-tam-01\/#primaryimage"},"thumbnailUrl":"https:\/\/vainoithatkhachsan.com\/wp-content\/uploads\/2017\/05\/monacorobe.jpg","datePublished":"2017-05-25T01:23:48+00:00","dateModified":"2019-08-10T12:28:34+00:00","description":"GIAVICO- C\u00f4ng ty chuy\u00ean s\u1ea3n xu\u1ea5t kh\u0103n b\u00f4ng, \u00e1o cho\u00e0ng t\u1eafm kh\u00e1ch s\u1ea1n, resort tr\u00ean to\u00e0n qu\u1ed1c, s\u1ea3n xu\u1ea5t tr\u1ef1c ti\u1ebfp, kh\u00f4ng qua trung gian, gi\u00e1 c\u1ea3 c\u1ea1nh tranh","breadcrumb":{"@id":"https:\/\/vainoithatkhachsan.com\/en\/products\/ao-choang-tam-01\/#breadcrumb"},"inLanguage":"en-US","potentialAction":[{"@type":"ReadAction","target":["https:\/\/vainoithatkhachsan.com\/en\/products\/ao-choang-tam-01\/"]}]},{"@type":"ImageObject","inLanguage":"en-US","@id":"https:\/\/vainoithatkhachsan.com\/en\/products\/ao-choang-tam-01\/#primaryimage","url":"https:\/\/vainoithatkhachsan.com\/wp-content\/uploads\/2017\/05\/monacorobe.jpg","contentUrl":"https:\/\/vainoithatkhachsan.com\/wp-content\/uploads\/2017\/05\/monacorobe.jpg","width":1200,"height":1200},{"@type":"BreadcrumbList","@id":"https:\/\/vainoithatkhachsan.com\/en\/products\/ao-choang-tam-01\/#breadcrumb","itemListElement":[{"@type":"ListItem","position":1,"name":"Trang ch\u1ee7","item":"https:\/\/vainoithatkhachsan.com\/en\/"},{"@type":"ListItem","position":2,"name":"Shop","item":"https:\/\/vainoithatkhachsan.com\/en\/shop\/"},{"@type":"ListItem","position":3,"name":"\u00c1o cho\u00e0ng t\u1eafm 01"}]},{"@type":"WebSite","@id":"https:\/\/vainoithatkhachsan.com\/en\/#website","url":"https:\/\/vainoithatkhachsan.com\/en\/","name":"N\u1ed8I TH\u1ea4T GIA VI\u1ec6T","description":"CHUY\u00caN CH\u0102N GA G\u1ed0I N\u1ec6M","potentialAction":[{"@type":"SearchAction","target":{"@type":"EntryPoint","urlTemplate":"https:\/\/vainoithatkhachsan.com\/en\/?s={search_term_string}"},"query-input":"required name=search_term_string"}],"inLanguage":"en-US"}]}},"_links":{"self":[{"href":"https:\/\/vainoithatkhachsan.com\/en\/wp-json\/wp\/v2\/product\/6227"}],"collection":[{"href":"https:\/\/vainoithatkhachsan.com\/en\/wp-json\/wp\/v2\/product"}],"about":[{"href":"https:\/\/vainoithatkhachsan.com\/en\/wp-json\/wp\/v2\/types\/product"}],"replies":[{"embeddable":true,"href":"https:\/\/vainoithatkhachsan.com\/en\/wp-json\/wp\/v2\/comments?post=6227"}],"wp:featuredmedia":[{"embeddable":true,"href":"https:\/\/vainoithatkhachsan.com\/en\/wp-json\/wp\/v2\/media\/6198"}],"wp:attachment":[{"href":"https:\/\/vainoithatkhachsan.com\/en\/wp-json\/wp\/v2\/media?parent=6227"}],"wp:term":[{"taxonomy":"product_cat","embeddable":true,"href":"https:\/\/vainoithatkhachsan.com\/en\/wp-json\/wp\/v2\/product_cat?post=6227"},{"taxonomy":"product_tag","embeddable":true,"href":"https:\/\/vainoithatkhachsan.com\/en\/wp-json\/wp\/v2\/product_tag?post=6227"}],"curies":[{"name":"wp","href":"https:\/\/api.w.org\/{rel}","templated":true}]}}