
{"id":6237,"date":"2017-05-24T16:10:49","date_gmt":"2017-05-24T09:10:49","guid":{"rendered":"http:\/\/vainoithatkhachsan.com\/san-pham\/bao-ve-nem-01\/"},"modified":"2019-08-09T14:04:58","modified_gmt":"2019-08-09T07:04:58","slug":"bao-ve-nem-01","status":"publish","type":"product","link":"https:\/\/vainoithatkhachsan.com\/en\/products\/bao-ve-nem-01\/","title":{"rendered":"B\u1ea3o v\u1ec7 n\u1ec7m 01"},"content":{"rendered":"","protected":false},"excerpt":{"rendered":"","protected":false},"featured_media":6238,"comment_status":"open","ping_status":"closed","template":"","meta":[],"product_cat":[75,76],"product_tag":[],"yoast_head":"<!-- This site is optimized with the Yoast SEO plugin v22.4 - https:\/\/yoast.com\/wordpress\/plugins\/seo\/ -->\n<title>B\u1ea3o v\u1ec7 n\u1ec7m 01 - N\u1ed8I TH\u1ea4T GIA VI\u1ec6T<\/title>\n<meta name=\"description\" content=\"GIAVICO \u2013 C\u00f4ng ty chuy\u00ean s\u1ea3n xu\u1ea5t B\u1ea3o v\u1ec7 n\u1ec7m cho kh\u00e1ch s\u1ea1n, resort tr\u00ean to\u00e0n qu\u1ed1cC\u00f4ng ty gi\u1edbi thi\u1ec7u \u0111\u1ebfn Qu\u00fd kh\u00e1ch h\u00e0ng nhi\u1ec1u lo\u1ea1i v\u1ea3i \u0111\u1ec3 s\u1ea3n xu\u1ea5t B\u1ea3o v\u1ec7 n\u1ec7m nh\u01b0: TC 65% cotton 35%polyester, 100% cotton 200TC, 100% cotton 233TC, 100% polyester, v\u1ea3i ch\u1ed1ng th\u1ea5m n\u01b0\u1edbc,...\" \/>\n<meta name=\"robots\" content=\"index, follow, max-snippet:-1, max-image-preview:large, max-video-preview:-1\" \/>\n<link rel=\"canonical\" href=\"http:\/\/vainoithatkhachsan.com\/products\/bao-ve-nem-01\/\" \/>\n<meta property=\"og:locale\" content=\"en_US\" \/>\n<meta property=\"og:type\" content=\"article\" \/>\n<meta property=\"og:title\" content=\"B\u1ea3o v\u1ec7 n\u1ec7m 01 - N\u1ed8I TH\u1ea4T GIA VI\u1ec6T\" \/>\n<meta property=\"og:description\" content=\"GIAVICO \u2013 C\u00f4ng ty chuy\u00ean s\u1ea3n xu\u1ea5t B\u1ea3o v\u1ec7 n\u1ec7m cho kh\u00e1ch s\u1ea1n, resort tr\u00ean to\u00e0n qu\u1ed1cC\u00f4ng ty gi\u1edbi thi\u1ec7u \u0111\u1ebfn Qu\u00fd kh\u00e1ch h\u00e0ng nhi\u1ec1u lo\u1ea1i v\u1ea3i \u0111\u1ec3 s\u1ea3n xu\u1ea5t B\u1ea3o v\u1ec7 n\u1ec7m nh\u01b0: TC 65% cotton 35%polyester, 100% cotton 200TC, 100% cotton 233TC, 100% polyester, v\u1ea3i ch\u1ed1ng th\u1ea5m n\u01b0\u1edbc,...\" \/>\n<meta property=\"og:url\" content=\"http:\/\/vainoithatkhachsan.com\/products\/bao-ve-nem-01\/\" \/>\n<meta property=\"og:site_name\" content=\"N\u1ed8I TH\u1ea4T GIA VI\u1ec6T\" \/>\n<meta property=\"article:modified_time\" content=\"2019-08-09T07:04:58+00:00\" \/>\n<meta property=\"og:image\" content=\"http:\/\/vainoithatkhachsan.com\/wp-content\/uploads\/2017\/05\/BVN.jpg\" \/>\n\t<meta property=\"og:image:width\" content=\"1200\" \/>\n\t<meta property=\"og:image:height\" content=\"1200\" \/>\n\t<meta property=\"og:image:type\" content=\"image\/jpeg\" \/>\n<meta name=\"twitter:card\" content=\"summary_large_image\" \/>\n<script type=\"application\/ld+json\" class=\"yoast-schema-graph\">{\"@context\":\"https:\/\/schema.org\",\"@graph\":[{\"@type\":\"WebPage\",\"@id\":\"http:\/\/vainoithatkhachsan.com\/products\/bao-ve-nem-01\/\",\"url\":\"http:\/\/vainoithatkhachsan.com\/products\/bao-ve-nem-01\/\",\"name\":\"B\u1ea3o v\u1ec7 n\u1ec7m 01 - N\u1ed8I TH\u1ea4T GIA VI\u1ec6T\",\"isPartOf\":{\"@id\":\"https:\/\/vainoithatkhachsan.com\/en\/#website\"},\"primaryImageOfPage\":{\"@id\":\"http:\/\/vainoithatkhachsan.com\/products\/bao-ve-nem-01\/#primaryimage\"},\"image\":{\"@id\":\"http:\/\/vainoithatkhachsan.com\/products\/bao-ve-nem-01\/#primaryimage\"},\"thumbnailUrl\":\"https:\/\/vainoithatkhachsan.com\/wp-content\/uploads\/2017\/05\/BVN.jpg\",\"datePublished\":\"2017-05-24T09:10:49+00:00\",\"dateModified\":\"2019-08-09T07:04:58+00:00\",\"description\":\"GIAVICO \u2013 C\u00f4ng ty chuy\u00ean s\u1ea3n xu\u1ea5t B\u1ea3o v\u1ec7 n\u1ec7m cho kh\u00e1ch s\u1ea1n, resort tr\u00ean to\u00e0n qu\u1ed1cC\u00f4ng ty gi\u1edbi thi\u1ec7u \u0111\u1ebfn Qu\u00fd kh\u00e1ch h\u00e0ng nhi\u1ec1u lo\u1ea1i v\u1ea3i \u0111\u1ec3 s\u1ea3n xu\u1ea5t B\u1ea3o v\u1ec7 n\u1ec7m nh\u01b0: TC 65% cotton 35%polyester, 100% cotton 200TC, 100% cotton 233TC, 100% polyester, v\u1ea3i ch\u1ed1ng th\u1ea5m n\u01b0\u1edbc,...\",\"breadcrumb\":{\"@id\":\"http:\/\/vainoithatkhachsan.com\/products\/bao-ve-nem-01\/#breadcrumb\"},\"inLanguage\":\"en-US\",\"potentialAction\":[{\"@type\":\"ReadAction\",\"target\":[\"http:\/\/vainoithatkhachsan.com\/products\/bao-ve-nem-01\/\"]}]},{\"@type\":\"ImageObject\",\"inLanguage\":\"en-US\",\"@id\":\"http:\/\/vainoithatkhachsan.com\/products\/bao-ve-nem-01\/#primaryimage\",\"url\":\"https:\/\/vainoithatkhachsan.com\/wp-content\/uploads\/2017\/05\/BVN.jpg\",\"contentUrl\":\"https:\/\/vainoithatkhachsan.com\/wp-content\/uploads\/2017\/05\/BVN.jpg\",\"width\":1200,\"height\":1200},{\"@type\":\"BreadcrumbList\",\"@id\":\"http:\/\/vainoithatkhachsan.com\/products\/bao-ve-nem-01\/#breadcrumb\",\"itemListElement\":[{\"@type\":\"ListItem\",\"position\":1,\"name\":\"Trang ch\u1ee7\",\"item\":\"https:\/\/vainoithatkhachsan.com\/en\/\"},{\"@type\":\"ListItem\",\"position\":2,\"name\":\"Shop\",\"item\":\"https:\/\/vainoithatkhachsan.com\/en\/shop\/\"},{\"@type\":\"ListItem\",\"position\":3,\"name\":\"B\u1ea3o v\u1ec7 n\u1ec7m 01\"}]},{\"@type\":\"WebSite\",\"@id\":\"https:\/\/vainoithatkhachsan.com\/en\/#website\",\"url\":\"https:\/\/vainoithatkhachsan.com\/en\/\",\"name\":\"N\u1ed8I TH\u1ea4T GIA VI\u1ec6T\",\"description\":\"CHUY\u00caN CH\u0102N GA G\u1ed0I N\u1ec6M\",\"potentialAction\":[{\"@type\":\"SearchAction\",\"target\":{\"@type\":\"EntryPoint\",\"urlTemplate\":\"https:\/\/vainoithatkhachsan.com\/en\/?s={search_term_string}\"},\"query-input\":\"required name=search_term_string\"}],\"inLanguage\":\"en-US\"}]}<\/script>\n<!-- \/ Yoast SEO plugin. -->","yoast_head_json":{"title":"B\u1ea3o v\u1ec7 n\u1ec7m 01 - N\u1ed8I TH\u1ea4T GIA VI\u1ec6T","description":"GIAVICO \u2013 C\u00f4ng ty chuy\u00ean s\u1ea3n xu\u1ea5t B\u1ea3o v\u1ec7 n\u1ec7m cho kh\u00e1ch s\u1ea1n, resort tr\u00ean to\u00e0n qu\u1ed1cC\u00f4ng ty gi\u1edbi thi\u1ec7u \u0111\u1ebfn Qu\u00fd kh\u00e1ch h\u00e0ng nhi\u1ec1u lo\u1ea1i v\u1ea3i \u0111\u1ec3 s\u1ea3n xu\u1ea5t B\u1ea3o v\u1ec7 n\u1ec7m nh\u01b0: TC 65% cotton 35%polyester, 100% cotton 200TC, 100% cotton 233TC, 100% polyester, v\u1ea3i ch\u1ed1ng th\u1ea5m n\u01b0\u1edbc,...","robots":{"index":"index","follow":"follow","max-snippet":"max-snippet:-1","max-image-preview":"max-image-preview:large","max-video-preview":"max-video-preview:-1"},"canonical":"http:\/\/vainoithatkhachsan.com\/products\/bao-ve-nem-01\/","og_locale":"en_US","og_type":"article","og_title":"B\u1ea3o v\u1ec7 n\u1ec7m 01 - N\u1ed8I TH\u1ea4T GIA VI\u1ec6T","og_description":"GIAVICO \u2013 C\u00f4ng ty chuy\u00ean s\u1ea3n xu\u1ea5t B\u1ea3o v\u1ec7 n\u1ec7m cho kh\u00e1ch s\u1ea1n, resort tr\u00ean to\u00e0n qu\u1ed1cC\u00f4ng ty gi\u1edbi thi\u1ec7u \u0111\u1ebfn Qu\u00fd kh\u00e1ch h\u00e0ng nhi\u1ec1u lo\u1ea1i v\u1ea3i \u0111\u1ec3 s\u1ea3n xu\u1ea5t B\u1ea3o v\u1ec7 n\u1ec7m nh\u01b0: TC 65% cotton 35%polyester, 100% cotton 200TC, 100% cotton 233TC, 100% polyester, v\u1ea3i ch\u1ed1ng th\u1ea5m n\u01b0\u1edbc,...","og_url":"http:\/\/vainoithatkhachsan.com\/products\/bao-ve-nem-01\/","og_site_name":"N\u1ed8I TH\u1ea4T GIA VI\u1ec6T","article_modified_time":"2019-08-09T07:04:58+00:00","og_image":[{"width":1200,"height":1200,"url":"http:\/\/vainoithatkhachsan.com\/wp-content\/uploads\/2017\/05\/BVN.jpg","type":"image\/jpeg"}],"twitter_card":"summary_large_image","schema":{"@context":"https:\/\/schema.org","@graph":[{"@type":"WebPage","@id":"http:\/\/vainoithatkhachsan.com\/products\/bao-ve-nem-01\/","url":"http:\/\/vainoithatkhachsan.com\/products\/bao-ve-nem-01\/","name":"B\u1ea3o v\u1ec7 n\u1ec7m 01 - N\u1ed8I TH\u1ea4T GIA VI\u1ec6T","isPartOf":{"@id":"https:\/\/vainoithatkhachsan.com\/en\/#website"},"primaryImageOfPage":{"@id":"http:\/\/vainoithatkhachsan.com\/products\/bao-ve-nem-01\/#primaryimage"},"image":{"@id":"http:\/\/vainoithatkhachsan.com\/products\/bao-ve-nem-01\/#primaryimage"},"thumbnailUrl":"https:\/\/vainoithatkhachsan.com\/wp-content\/uploads\/2017\/05\/BVN.jpg","datePublished":"2017-05-24T09:10:49+00:00","dateModified":"2019-08-09T07:04:58+00:00","description":"GIAVICO \u2013 C\u00f4ng ty chuy\u00ean s\u1ea3n xu\u1ea5t B\u1ea3o v\u1ec7 n\u1ec7m cho kh\u00e1ch s\u1ea1n, resort tr\u00ean to\u00e0n qu\u1ed1cC\u00f4ng ty gi\u1edbi thi\u1ec7u \u0111\u1ebfn Qu\u00fd kh\u00e1ch h\u00e0ng nhi\u1ec1u lo\u1ea1i v\u1ea3i \u0111\u1ec3 s\u1ea3n xu\u1ea5t B\u1ea3o v\u1ec7 n\u1ec7m nh\u01b0: TC 65% cotton 35%polyester, 100% cotton 200TC, 100% cotton 233TC, 100% polyester, v\u1ea3i ch\u1ed1ng th\u1ea5m n\u01b0\u1edbc,...","breadcrumb":{"@id":"http:\/\/vainoithatkhachsan.com\/products\/bao-ve-nem-01\/#breadcrumb"},"inLanguage":"en-US","potentialAction":[{"@type":"ReadAction","target":["http:\/\/vainoithatkhachsan.com\/products\/bao-ve-nem-01\/"]}]},{"@type":"ImageObject","inLanguage":"en-US","@id":"http:\/\/vainoithatkhachsan.com\/products\/bao-ve-nem-01\/#primaryimage","url":"https:\/\/vainoithatkhachsan.com\/wp-content\/uploads\/2017\/05\/BVN.jpg","contentUrl":"https:\/\/vainoithatkhachsan.com\/wp-content\/uploads\/2017\/05\/BVN.jpg","width":1200,"height":1200},{"@type":"BreadcrumbList","@id":"http:\/\/vainoithatkhachsan.com\/products\/bao-ve-nem-01\/#breadcrumb","itemListElement":[{"@type":"ListItem","position":1,"name":"Trang ch\u1ee7","item":"https:\/\/vainoithatkhachsan.com\/en\/"},{"@type":"ListItem","position":2,"name":"Shop","item":"https:\/\/vainoithatkhachsan.com\/en\/shop\/"},{"@type":"ListItem","position":3,"name":"B\u1ea3o v\u1ec7 n\u1ec7m 01"}]},{"@type":"WebSite","@id":"https:\/\/vainoithatkhachsan.com\/en\/#website","url":"https:\/\/vainoithatkhachsan.com\/en\/","name":"N\u1ed8I TH\u1ea4T GIA VI\u1ec6T","description":"CHUY\u00caN CH\u0102N GA G\u1ed0I N\u1ec6M","potentialAction":[{"@type":"SearchAction","target":{"@type":"EntryPoint","urlTemplate":"https:\/\/vainoithatkhachsan.com\/en\/?s={search_term_string}"},"query-input":"required name=search_term_string"}],"inLanguage":"en-US"}]}},"_links":{"self":[{"href":"https:\/\/vainoithatkhachsan.com\/en\/wp-json\/wp\/v2\/product\/6237"}],"collection":[{"href":"https:\/\/vainoithatkhachsan.com\/en\/wp-json\/wp\/v2\/product"}],"about":[{"href":"https:\/\/vainoithatkhachsan.com\/en\/wp-json\/wp\/v2\/types\/product"}],"replies":[{"embeddable":true,"href":"https:\/\/vainoithatkhachsan.com\/en\/wp-json\/wp\/v2\/comments?post=6237"}],"wp:featuredmedia":[{"embeddable":true,"href":"https:\/\/vainoithatkhachsan.com\/en\/wp-json\/wp\/v2\/media\/6238"}],"wp:attachment":[{"href":"https:\/\/vainoithatkhachsan.com\/en\/wp-json\/wp\/v2\/media?parent=6237"}],"wp:term":[{"taxonomy":"product_cat","embeddable":true,"href":"https:\/\/vainoithatkhachsan.com\/en\/wp-json\/wp\/v2\/product_cat?post=6237"},{"taxonomy":"product_tag","embeddable":true,"href":"https:\/\/vainoithatkhachsan.com\/en\/wp-json\/wp\/v2\/product_tag?post=6237"}],"curies":[{"name":"wp","href":"https:\/\/api.w.org\/{rel}","templated":true}]}}