
{"id":6497,"date":"2017-06-20T14:24:33","date_gmt":"2017-06-20T07:24:33","guid":{"rendered":"http:\/\/vainoithatkhachsan.com\/san-pham\/chan-ga-goi-04\/"},"modified":"2019-08-10T17:19:48","modified_gmt":"2019-08-10T10:19:48","slug":"chan-ga-goi-04","status":"publish","type":"product","link":"https:\/\/vainoithatkhachsan.com\/en\/products\/chan-ga-goi-04\/","title":{"rendered":"Ch\u0103n ga g\u1ed1i kh\u00e1ch s\u1ea1n GVGG-03"},"content":{"rendered":"<p><strong>GIAVICO- C\u00f4ng ty chuy\u00ean s\u1ea3n xu\u1ea5t ch\u0103n ga g\u1ed1i kh\u00e1ch s\u1ea1n, resort tr\u00ean to\u00e0n qu\u1ed1c<\/strong><\/p>\n<ul>\n<li><em>Nhi\u1ec1u ch\u1ee7ng lo\u1ea1i kh\u00e1c nhau: tr\u1eafng tr\u01a1n, tr\u1eafng s\u1ecdc, tr\u1eafng \u00f4 vu\u00f4ng, tr\u1eafng hoa v\u0103n,&#8230;<\/em><\/li>\n<li><em>M\u00e2t \u0111\u1ed9 s\u1ee3i c\u1ee7a v\u1ea3i: 200TC, 250TC, 300TC, 350TC, 400TC, 500TC,&#8230;<\/em><\/li>\n<li><em>Th\u00e0nh ph\u1ea7n v\u1ea3i: 100% cotton sateen, 100% cotton, CVC, 80% cotton 20% polyester, 70%cotton 30%polyester&#8230;<\/em><\/li>\n<\/ul>\n<p><strong>T\u1ea0I SAO CH\u1eccN GIAVICO?<\/strong><\/p>\n<p><strong>1.GI\u1ea2I PH\u00c1P TO\u00c0N DI\u1ec6N<\/strong><\/p>\n<p><em>GIAVICO cung c\u1ea5p tr\u1ecdn g\u00f3i c\u00e1c s\u1ea3n ph\u1ea9m \u0111\u1ed3 v\u1ea3i cho c\u00e1c doanh nghi\u1ec7p trong l\u0129nh v\u1ef1c kh\u00e1ch s\u1ea1n, nh\u00e0 h\u00e0ng, resort, spa, tr\u01b0\u1eddng h\u1ecdc,\u2026: ch\u0103n ga g\u1ed1i kh\u00e1ch s\u1ea1n, kh\u0103n b\u00f4ng kh\u00e1ch s\u1ea1n, r\u00e8m c\u1eeda kh\u00e1ch s\u1ea1n, ch\u0103n g\u1ed1i nh\u00e0 tr\u1ebb tr\u01b0\u1eddng h\u1ecdc, n\u1ec7m kh\u00e1ch s\u1ea1n,&#8230;<\/em><\/p>\n<p><strong style=\"color: #333333; font-size: 14.4px;\">2.GI\u00c1 C\u1ea2 \u1ed4N \u0110\u1ecaNH<\/strong><\/p>\n<p><em>Ch\u00fang t\u00f4i cam k\u1ebft gi\u00e1 c\u1ea3 \u1ed5n \u0111\u1ecbnh, ch\u1ea5t l\u01b0\u1ee3ng s\u1ea3n ph\u1ea9m lu\u00f4n \u0111\u01b0\u1ee3c c\u1ea3i ti\u1ebfn \u0111\u1ec3 ph\u00f9 h\u1ee3p v\u1edbi nhu c\u1ea7u hi\u1ec7n t\u1ea1i c\u1ee7a kh\u00e1ch h\u00e0ng<\/em><\/p>\n<p><strong style=\"color: #333333; font-size: 14.4px;\">3.CH\u00cdNH S\u00c1CH B\u1ea2O H\u00c0NH<\/strong><\/p>\n<p><em>\u0110\u1ec3 kh\u00e1ch h\u00e0ng h\u00e0i long khi mua h\u00e0ng t\u1ea1i GIAVICO, GIAVICO c\u00f3 ch\u00ednh s\u00e1ch b\u1ea3o h\u00e0nh \u0111\u01b0\u1eddng kim m\u0169i ch\u1ec9 tr\u1ecdn \u0111\u1eddi, b\u1ea3o h\u00e0nh \u0111\u1ed9 x\u00f9 l\u00f4ng c\u1ee7a v\u1ea3i, b\u1ea3o h\u00e0nh \u0111\u1ed9 co r\u00fat v\u1ea3i =&gt; kh\u00e1ch h\u00e0ng y\u00ean t\u00e2m v\u1ec1 ch\u1ea5t l\u01b0\u1ee3ng s\u1ea3n ph\u1ea9m<\/em><\/p>\n<p><strong style=\"color: #333333; font-size: 14.4px;\">4.THU H\u1ed2I \u0110\u1ed4I TR\u1ea2<\/strong><\/p>\n<p><em>GIVICO \u0111\u1ed3ng \u00fd \u0111\u1ed5i tr\u1ea3 h\u00e0ng trong v\u00f2ng 7 ng\u00e0y k\u1ec3 t\u1eeb ng\u00e0y nh\u1eadn h\u00e0ng n\u1ebfu h\u00e0ng h\u00f3a b\u1ecb l\u1ed7i do nh\u00e0 s\u1ea3n xu\u1ea5t<\/em><\/p>\n","protected":false},"excerpt":{"rendered":"<p>Ch\u0103n ga g\u1ed1i kh\u00e1ch s\u1ea1n \u00f4 vu\u00f4ng<\/p>\n<ul>\n<li>H\u1ecda ti\u1ebft: tr\u1eafng \u00f4 vu\u00f4ng<\/li>\n<li>Th\u00e0nh ph\u1ea7n v\u1ea3i: 100% cotton, 100% cotton sateen<\/li>\n<li>M\u1eadt \u0111\u1ed9: 250TC, 300TC,&#8230;<\/li>\n<li>Li\u00ean h\u1ec7: 0906.87.11.86 \u0111\u1ec3 \u0111\u01b0\u1ee3c t\u01b0 v\u1ea5n chi ti\u1ebft<\/li>\n<\/ul>\n","protected":false},"featured_media":6852,"comment_status":"open","ping_status":"closed","template":"","meta":[],"product_cat":[77],"product_tag":[153,134,155,156,157,161],"yoast_head":"<!-- This site is optimized with the Yoast SEO plugin v22.4 - https:\/\/yoast.com\/wordpress\/plugins\/seo\/ -->\n<title>Ch\u0103n ga g\u1ed1i kh\u00e1ch s\u1ea1n GVGG-03 - N\u1ed8I TH\u1ea4T GIA VI\u1ec6T<\/title>\n<meta name=\"description\" content=\"GIAVICO cung c\u1ea5p tr\u1ecdn g\u00f3i c\u00e1c s\u1ea3n ph\u1ea9m \u0111\u1ed3 v\u1ea3i cho c\u00e1c doanh nghi\u1ec7p trong l\u0129nh v\u1ef1c kh\u00e1ch s\u1ea1n, nh\u00e0 h\u00e0ng, resort, spa, tr\u01b0\u1eddng h\u1ecdc,\u2026: ch\u0103n ga g\u1ed1i kh\u00e1ch s\u1ea1n, kh\u0103n b\u00f4ng kh\u00e1ch s\u1ea1n, r\u00e8m c\u1eeda kh\u00e1ch s\u1ea1n, ch\u0103n g\u1ed1i nh\u00e0 tr\u1ebb tr\u01b0\u1eddng h\u1ecdc, n\u1ec7m kh\u00e1ch s\u1ea1n,\u2026\" \/>\n<meta name=\"robots\" content=\"index, follow, max-snippet:-1, max-image-preview:large, max-video-preview:-1\" \/>\n<link rel=\"canonical\" href=\"https:\/\/vainoithatkhachsan.com\/en\/products\/chan-ga-goi-04\/\" \/>\n<meta property=\"og:locale\" content=\"en_US\" \/>\n<meta property=\"og:type\" content=\"article\" \/>\n<meta property=\"og:title\" content=\"Ch\u0103n ga g\u1ed1i kh\u00e1ch s\u1ea1n GVGG-03 - N\u1ed8I TH\u1ea4T GIA VI\u1ec6T\" \/>\n<meta property=\"og:description\" content=\"GIAVICO cung c\u1ea5p tr\u1ecdn g\u00f3i c\u00e1c s\u1ea3n ph\u1ea9m \u0111\u1ed3 v\u1ea3i cho c\u00e1c doanh nghi\u1ec7p trong l\u0129nh v\u1ef1c kh\u00e1ch s\u1ea1n, nh\u00e0 h\u00e0ng, resort, spa, tr\u01b0\u1eddng h\u1ecdc,\u2026: ch\u0103n ga g\u1ed1i kh\u00e1ch s\u1ea1n, kh\u0103n b\u00f4ng kh\u00e1ch s\u1ea1n, r\u00e8m c\u1eeda kh\u00e1ch s\u1ea1n, ch\u0103n g\u1ed1i nh\u00e0 tr\u1ebb tr\u01b0\u1eddng h\u1ecdc, n\u1ec7m kh\u00e1ch s\u1ea1n,\u2026\" \/>\n<meta property=\"og:url\" content=\"https:\/\/vainoithatkhachsan.com\/en\/products\/chan-ga-goi-04\/\" \/>\n<meta property=\"og:site_name\" content=\"N\u1ed8I TH\u1ea4T GIA VI\u1ec6T\" \/>\n<meta property=\"article:modified_time\" content=\"2019-08-10T10:19:48+00:00\" \/>\n<meta property=\"og:image\" content=\"https:\/\/vainoithatkhachsan.com\/wp-content\/uploads\/2017\/06\/ccc2.jpg\" \/>\n\t<meta property=\"og:image:width\" content=\"500\" \/>\n\t<meta property=\"og:image:height\" content=\"666\" \/>\n\t<meta property=\"og:image:type\" content=\"image\/jpeg\" \/>\n<meta name=\"twitter:card\" content=\"summary_large_image\" \/>\n<meta name=\"twitter:label1\" content=\"Est. reading time\" \/>\n\t<meta name=\"twitter:data1\" content=\"2 minutes\" \/>\n<script type=\"application\/ld+json\" class=\"yoast-schema-graph\">{\"@context\":\"https:\/\/schema.org\",\"@graph\":[{\"@type\":\"WebPage\",\"@id\":\"https:\/\/vainoithatkhachsan.com\/en\/products\/chan-ga-goi-04\/\",\"url\":\"https:\/\/vainoithatkhachsan.com\/en\/products\/chan-ga-goi-04\/\",\"name\":\"Ch\u0103n ga g\u1ed1i kh\u00e1ch s\u1ea1n GVGG-03 - N\u1ed8I TH\u1ea4T GIA VI\u1ec6T\",\"isPartOf\":{\"@id\":\"https:\/\/vainoithatkhachsan.com\/en\/#website\"},\"primaryImageOfPage\":{\"@id\":\"https:\/\/vainoithatkhachsan.com\/en\/products\/chan-ga-goi-04\/#primaryimage\"},\"image\":{\"@id\":\"https:\/\/vainoithatkhachsan.com\/en\/products\/chan-ga-goi-04\/#primaryimage\"},\"thumbnailUrl\":\"https:\/\/vainoithatkhachsan.com\/wp-content\/uploads\/2017\/06\/ccc2.jpg\",\"datePublished\":\"2017-06-20T07:24:33+00:00\",\"dateModified\":\"2019-08-10T10:19:48+00:00\",\"description\":\"GIAVICO cung c\u1ea5p tr\u1ecdn g\u00f3i c\u00e1c s\u1ea3n ph\u1ea9m \u0111\u1ed3 v\u1ea3i cho c\u00e1c doanh nghi\u1ec7p trong l\u0129nh v\u1ef1c kh\u00e1ch s\u1ea1n, nh\u00e0 h\u00e0ng, resort, spa, tr\u01b0\u1eddng h\u1ecdc,\u2026: ch\u0103n ga g\u1ed1i kh\u00e1ch s\u1ea1n, kh\u0103n b\u00f4ng kh\u00e1ch s\u1ea1n, r\u00e8m c\u1eeda kh\u00e1ch s\u1ea1n, ch\u0103n g\u1ed1i nh\u00e0 tr\u1ebb tr\u01b0\u1eddng h\u1ecdc, n\u1ec7m kh\u00e1ch s\u1ea1n,\u2026\",\"breadcrumb\":{\"@id\":\"https:\/\/vainoithatkhachsan.com\/en\/products\/chan-ga-goi-04\/#breadcrumb\"},\"inLanguage\":\"en-US\",\"potentialAction\":[{\"@type\":\"ReadAction\",\"target\":[\"https:\/\/vainoithatkhachsan.com\/en\/products\/chan-ga-goi-04\/\"]}]},{\"@type\":\"ImageObject\",\"inLanguage\":\"en-US\",\"@id\":\"https:\/\/vainoithatkhachsan.com\/en\/products\/chan-ga-goi-04\/#primaryimage\",\"url\":\"https:\/\/vainoithatkhachsan.com\/wp-content\/uploads\/2017\/06\/ccc2.jpg\",\"contentUrl\":\"https:\/\/vainoithatkhachsan.com\/wp-content\/uploads\/2017\/06\/ccc2.jpg\",\"width\":500,\"height\":666},{\"@type\":\"BreadcrumbList\",\"@id\":\"https:\/\/vainoithatkhachsan.com\/en\/products\/chan-ga-goi-04\/#breadcrumb\",\"itemListElement\":[{\"@type\":\"ListItem\",\"position\":1,\"name\":\"Trang ch\u1ee7\",\"item\":\"https:\/\/vainoithatkhachsan.com\/en\/\"},{\"@type\":\"ListItem\",\"position\":2,\"name\":\"Shop\",\"item\":\"https:\/\/vainoithatkhachsan.com\/en\/shop\/\"},{\"@type\":\"ListItem\",\"position\":3,\"name\":\"Ch\u0103n ga g\u1ed1i kh\u00e1ch s\u1ea1n GVGG-03\"}]},{\"@type\":\"WebSite\",\"@id\":\"https:\/\/vainoithatkhachsan.com\/en\/#website\",\"url\":\"https:\/\/vainoithatkhachsan.com\/en\/\",\"name\":\"N\u1ed8I TH\u1ea4T GIA VI\u1ec6T\",\"description\":\"CHUY\u00caN CH\u0102N GA G\u1ed0I N\u1ec6M\",\"potentialAction\":[{\"@type\":\"SearchAction\",\"target\":{\"@type\":\"EntryPoint\",\"urlTemplate\":\"https:\/\/vainoithatkhachsan.com\/en\/?s={search_term_string}\"},\"query-input\":\"required name=search_term_string\"}],\"inLanguage\":\"en-US\"}]}<\/script>\n<!-- \/ Yoast SEO plugin. -->","yoast_head_json":{"title":"Ch\u0103n ga g\u1ed1i kh\u00e1ch s\u1ea1n GVGG-03 - N\u1ed8I TH\u1ea4T GIA VI\u1ec6T","description":"GIAVICO cung c\u1ea5p tr\u1ecdn g\u00f3i c\u00e1c s\u1ea3n ph\u1ea9m \u0111\u1ed3 v\u1ea3i cho c\u00e1c doanh nghi\u1ec7p trong l\u0129nh v\u1ef1c kh\u00e1ch s\u1ea1n, nh\u00e0 h\u00e0ng, resort, spa, tr\u01b0\u1eddng h\u1ecdc,\u2026: ch\u0103n ga g\u1ed1i kh\u00e1ch s\u1ea1n, kh\u0103n b\u00f4ng kh\u00e1ch s\u1ea1n, r\u00e8m c\u1eeda kh\u00e1ch s\u1ea1n, ch\u0103n g\u1ed1i nh\u00e0 tr\u1ebb tr\u01b0\u1eddng h\u1ecdc, n\u1ec7m kh\u00e1ch s\u1ea1n,\u2026","robots":{"index":"index","follow":"follow","max-snippet":"max-snippet:-1","max-image-preview":"max-image-preview:large","max-video-preview":"max-video-preview:-1"},"canonical":"https:\/\/vainoithatkhachsan.com\/en\/products\/chan-ga-goi-04\/","og_locale":"en_US","og_type":"article","og_title":"Ch\u0103n ga g\u1ed1i kh\u00e1ch s\u1ea1n GVGG-03 - N\u1ed8I TH\u1ea4T GIA VI\u1ec6T","og_description":"GIAVICO cung c\u1ea5p tr\u1ecdn g\u00f3i c\u00e1c s\u1ea3n ph\u1ea9m \u0111\u1ed3 v\u1ea3i cho c\u00e1c doanh nghi\u1ec7p trong l\u0129nh v\u1ef1c kh\u00e1ch s\u1ea1n, nh\u00e0 h\u00e0ng, resort, spa, tr\u01b0\u1eddng h\u1ecdc,\u2026: ch\u0103n ga g\u1ed1i kh\u00e1ch s\u1ea1n, kh\u0103n b\u00f4ng kh\u00e1ch s\u1ea1n, r\u00e8m c\u1eeda kh\u00e1ch s\u1ea1n, ch\u0103n g\u1ed1i nh\u00e0 tr\u1ebb tr\u01b0\u1eddng h\u1ecdc, n\u1ec7m kh\u00e1ch s\u1ea1n,\u2026","og_url":"https:\/\/vainoithatkhachsan.com\/en\/products\/chan-ga-goi-04\/","og_site_name":"N\u1ed8I TH\u1ea4T GIA VI\u1ec6T","article_modified_time":"2019-08-10T10:19:48+00:00","og_image":[{"width":500,"height":666,"url":"https:\/\/vainoithatkhachsan.com\/wp-content\/uploads\/2017\/06\/ccc2.jpg","type":"image\/jpeg"}],"twitter_card":"summary_large_image","twitter_misc":{"Est. reading time":"2 minutes"},"schema":{"@context":"https:\/\/schema.org","@graph":[{"@type":"WebPage","@id":"https:\/\/vainoithatkhachsan.com\/en\/products\/chan-ga-goi-04\/","url":"https:\/\/vainoithatkhachsan.com\/en\/products\/chan-ga-goi-04\/","name":"Ch\u0103n ga g\u1ed1i kh\u00e1ch s\u1ea1n GVGG-03 - N\u1ed8I TH\u1ea4T GIA VI\u1ec6T","isPartOf":{"@id":"https:\/\/vainoithatkhachsan.com\/en\/#website"},"primaryImageOfPage":{"@id":"https:\/\/vainoithatkhachsan.com\/en\/products\/chan-ga-goi-04\/#primaryimage"},"image":{"@id":"https:\/\/vainoithatkhachsan.com\/en\/products\/chan-ga-goi-04\/#primaryimage"},"thumbnailUrl":"https:\/\/vainoithatkhachsan.com\/wp-content\/uploads\/2017\/06\/ccc2.jpg","datePublished":"2017-06-20T07:24:33+00:00","dateModified":"2019-08-10T10:19:48+00:00","description":"GIAVICO cung c\u1ea5p tr\u1ecdn g\u00f3i c\u00e1c s\u1ea3n ph\u1ea9m \u0111\u1ed3 v\u1ea3i cho c\u00e1c doanh nghi\u1ec7p trong l\u0129nh v\u1ef1c kh\u00e1ch s\u1ea1n, nh\u00e0 h\u00e0ng, resort, spa, tr\u01b0\u1eddng h\u1ecdc,\u2026: ch\u0103n ga g\u1ed1i kh\u00e1ch s\u1ea1n, kh\u0103n b\u00f4ng kh\u00e1ch s\u1ea1n, r\u00e8m c\u1eeda kh\u00e1ch s\u1ea1n, ch\u0103n g\u1ed1i nh\u00e0 tr\u1ebb tr\u01b0\u1eddng h\u1ecdc, n\u1ec7m kh\u00e1ch s\u1ea1n,\u2026","breadcrumb":{"@id":"https:\/\/vainoithatkhachsan.com\/en\/products\/chan-ga-goi-04\/#breadcrumb"},"inLanguage":"en-US","potentialAction":[{"@type":"ReadAction","target":["https:\/\/vainoithatkhachsan.com\/en\/products\/chan-ga-goi-04\/"]}]},{"@type":"ImageObject","inLanguage":"en-US","@id":"https:\/\/vainoithatkhachsan.com\/en\/products\/chan-ga-goi-04\/#primaryimage","url":"https:\/\/vainoithatkhachsan.com\/wp-content\/uploads\/2017\/06\/ccc2.jpg","contentUrl":"https:\/\/vainoithatkhachsan.com\/wp-content\/uploads\/2017\/06\/ccc2.jpg","width":500,"height":666},{"@type":"BreadcrumbList","@id":"https:\/\/vainoithatkhachsan.com\/en\/products\/chan-ga-goi-04\/#breadcrumb","itemListElement":[{"@type":"ListItem","position":1,"name":"Trang ch\u1ee7","item":"https:\/\/vainoithatkhachsan.com\/en\/"},{"@type":"ListItem","position":2,"name":"Shop","item":"https:\/\/vainoithatkhachsan.com\/en\/shop\/"},{"@type":"ListItem","position":3,"name":"Ch\u0103n ga g\u1ed1i kh\u00e1ch s\u1ea1n GVGG-03"}]},{"@type":"WebSite","@id":"https:\/\/vainoithatkhachsan.com\/en\/#website","url":"https:\/\/vainoithatkhachsan.com\/en\/","name":"N\u1ed8I TH\u1ea4T GIA VI\u1ec6T","description":"CHUY\u00caN CH\u0102N GA G\u1ed0I N\u1ec6M","potentialAction":[{"@type":"SearchAction","target":{"@type":"EntryPoint","urlTemplate":"https:\/\/vainoithatkhachsan.com\/en\/?s={search_term_string}"},"query-input":"required name=search_term_string"}],"inLanguage":"en-US"}]}},"_links":{"self":[{"href":"https:\/\/vainoithatkhachsan.com\/en\/wp-json\/wp\/v2\/product\/6497"}],"collection":[{"href":"https:\/\/vainoithatkhachsan.com\/en\/wp-json\/wp\/v2\/product"}],"about":[{"href":"https:\/\/vainoithatkhachsan.com\/en\/wp-json\/wp\/v2\/types\/product"}],"replies":[{"embeddable":true,"href":"https:\/\/vainoithatkhachsan.com\/en\/wp-json\/wp\/v2\/comments?post=6497"}],"wp:featuredmedia":[{"embeddable":true,"href":"https:\/\/vainoithatkhachsan.com\/en\/wp-json\/wp\/v2\/media\/6852"}],"wp:attachment":[{"href":"https:\/\/vainoithatkhachsan.com\/en\/wp-json\/wp\/v2\/media?parent=6497"}],"wp:term":[{"taxonomy":"product_cat","embeddable":true,"href":"https:\/\/vainoithatkhachsan.com\/en\/wp-json\/wp\/v2\/product_cat?post=6497"},{"taxonomy":"product_tag","embeddable":true,"href":"https:\/\/vainoithatkhachsan.com\/en\/wp-json\/wp\/v2\/product_tag?post=6497"}],"curies":[{"name":"wp","href":"https:\/\/api.w.org\/{rel}","templated":true}]}}