
{"id":6524,"date":"2017-06-20T14:47:50","date_gmt":"2017-06-20T07:47:50","guid":{"rendered":"http:\/\/vainoithatkhachsan.com\/?post_type=product&#038;p=6524\/"},"modified":"2019-08-10T17:55:54","modified_gmt":"2019-08-10T10:55:54","slug":"chan-ga-goi-09","status":"publish","type":"product","link":"https:\/\/vainoithatkhachsan.com\/en\/products\/chan-ga-goi-09\/","title":{"rendered":"Gut Quilts 01"},"content":{"rendered":"","protected":false},"excerpt":{"rendered":"","protected":false},"featured_media":6531,"comment_status":"open","ping_status":"closed","template":"","meta":[],"product_cat":[79],"product_tag":[],"yoast_head":"<!-- This site is optimized with the Yoast SEO plugin v22.4 - https:\/\/yoast.com\/wordpress\/plugins\/seo\/ -->\n<title>Gut Quilts 01 - N\u1ed8I TH\u1ea4T GIA VI\u1ec6T<\/title>\n<meta name=\"description\" content=\"GIAVICO- C\u00f4ng ty chuy\u00ean s\u1ea3n xu\u1ea5t Ru\u1ed9t m\u1ec1n kh\u00e1ch s\u1ea1n, resort tr\u00ean to\u00e0n qu\u1ed1c, ch\u0103n ga g\u1ed1i kh\u00e1ch s\u1ea1n, kh\u0103n b\u00f4ng kh\u00e1ch s\u1ea1n, r\u00e8m c\u1eeda kh\u00e1ch s\u1ea1n, ch\u0103n g\u1ed1i nh\u00e0 tr\u1ebb\" \/>\n<meta name=\"robots\" content=\"index, follow, max-snippet:-1, max-image-preview:large, max-video-preview:-1\" \/>\n<link rel=\"canonical\" href=\"http:\/\/vainoithatkhachsan.com\/en\/products\/chan-ga-goi-09\/\" \/>\n<meta property=\"og:locale\" content=\"en_US\" \/>\n<meta property=\"og:type\" content=\"article\" \/>\n<meta property=\"og:title\" content=\"Gut Quilts 01 - N\u1ed8I TH\u1ea4T GIA VI\u1ec6T\" \/>\n<meta property=\"og:description\" content=\"GIAVICO- C\u00f4ng ty chuy\u00ean s\u1ea3n xu\u1ea5t Ru\u1ed9t m\u1ec1n kh\u00e1ch s\u1ea1n, resort tr\u00ean to\u00e0n qu\u1ed1c, ch\u0103n ga g\u1ed1i kh\u00e1ch s\u1ea1n, kh\u0103n b\u00f4ng kh\u00e1ch s\u1ea1n, r\u00e8m c\u1eeda kh\u00e1ch s\u1ea1n, ch\u0103n g\u1ed1i nh\u00e0 tr\u1ebb\" \/>\n<meta property=\"og:url\" content=\"http:\/\/vainoithatkhachsan.com\/en\/products\/chan-ga-goi-09\/\" \/>\n<meta property=\"og:site_name\" content=\"N\u1ed8I TH\u1ea4T GIA VI\u1ec6T\" \/>\n<meta property=\"article:modified_time\" content=\"2019-08-10T10:55:54+00:00\" \/>\n<meta property=\"og:image\" content=\"http:\/\/vainoithatkhachsan.com\/wp-content\/uploads\/2017\/06\/Ru\u1ed9t-m\u1ec1n-2.jpg\" \/>\n\t<meta property=\"og:image:width\" content=\"375\" \/>\n\t<meta property=\"og:image:height\" content=\"295\" \/>\n\t<meta property=\"og:image:type\" content=\"image\/jpeg\" \/>\n<meta name=\"twitter:card\" content=\"summary_large_image\" \/>\n<script type=\"application\/ld+json\" class=\"yoast-schema-graph\">{\"@context\":\"https:\/\/schema.org\",\"@graph\":[{\"@type\":\"WebPage\",\"@id\":\"http:\/\/vainoithatkhachsan.com\/en\/products\/chan-ga-goi-09\/\",\"url\":\"http:\/\/vainoithatkhachsan.com\/en\/products\/chan-ga-goi-09\/\",\"name\":\"Gut Quilts 01 - N\u1ed8I TH\u1ea4T GIA VI\u1ec6T\",\"isPartOf\":{\"@id\":\"https:\/\/vainoithatkhachsan.com\/en\/#website\"},\"primaryImageOfPage\":{\"@id\":\"http:\/\/vainoithatkhachsan.com\/en\/products\/chan-ga-goi-09\/#primaryimage\"},\"image\":{\"@id\":\"http:\/\/vainoithatkhachsan.com\/en\/products\/chan-ga-goi-09\/#primaryimage\"},\"thumbnailUrl\":\"https:\/\/vainoithatkhachsan.com\/wp-content\/uploads\/2017\/06\/Ru\u1ed9t-m\u1ec1n-2.jpg\",\"datePublished\":\"2017-06-20T07:47:50+00:00\",\"dateModified\":\"2019-08-10T10:55:54+00:00\",\"description\":\"GIAVICO- C\u00f4ng ty chuy\u00ean s\u1ea3n xu\u1ea5t Ru\u1ed9t m\u1ec1n kh\u00e1ch s\u1ea1n, resort tr\u00ean to\u00e0n qu\u1ed1c, ch\u0103n ga g\u1ed1i kh\u00e1ch s\u1ea1n, kh\u0103n b\u00f4ng kh\u00e1ch s\u1ea1n, r\u00e8m c\u1eeda kh\u00e1ch s\u1ea1n, ch\u0103n g\u1ed1i nh\u00e0 tr\u1ebb\",\"breadcrumb\":{\"@id\":\"http:\/\/vainoithatkhachsan.com\/en\/products\/chan-ga-goi-09\/#breadcrumb\"},\"inLanguage\":\"en-US\",\"potentialAction\":[{\"@type\":\"ReadAction\",\"target\":[\"http:\/\/vainoithatkhachsan.com\/en\/products\/chan-ga-goi-09\/\"]}]},{\"@type\":\"ImageObject\",\"inLanguage\":\"en-US\",\"@id\":\"http:\/\/vainoithatkhachsan.com\/en\/products\/chan-ga-goi-09\/#primaryimage\",\"url\":\"https:\/\/vainoithatkhachsan.com\/wp-content\/uploads\/2017\/06\/Ru\u1ed9t-m\u1ec1n-2.jpg\",\"contentUrl\":\"https:\/\/vainoithatkhachsan.com\/wp-content\/uploads\/2017\/06\/Ru\u1ed9t-m\u1ec1n-2.jpg\",\"width\":375,\"height\":295},{\"@type\":\"BreadcrumbList\",\"@id\":\"http:\/\/vainoithatkhachsan.com\/en\/products\/chan-ga-goi-09\/#breadcrumb\",\"itemListElement\":[{\"@type\":\"ListItem\",\"position\":1,\"name\":\"Trang ch\u1ee7\",\"item\":\"https:\/\/vainoithatkhachsan.com\/en\/\"},{\"@type\":\"ListItem\",\"position\":2,\"name\":\"Shop\",\"item\":\"https:\/\/vainoithatkhachsan.com\/en\/shop\/\"},{\"@type\":\"ListItem\",\"position\":3,\"name\":\"Gut Quilts 01\"}]},{\"@type\":\"WebSite\",\"@id\":\"https:\/\/vainoithatkhachsan.com\/en\/#website\",\"url\":\"https:\/\/vainoithatkhachsan.com\/en\/\",\"name\":\"N\u1ed8I TH\u1ea4T GIA VI\u1ec6T\",\"description\":\"CHUY\u00caN CH\u0102N GA G\u1ed0I N\u1ec6M\",\"potentialAction\":[{\"@type\":\"SearchAction\",\"target\":{\"@type\":\"EntryPoint\",\"urlTemplate\":\"https:\/\/vainoithatkhachsan.com\/en\/?s={search_term_string}\"},\"query-input\":\"required name=search_term_string\"}],\"inLanguage\":\"en-US\"}]}<\/script>\n<!-- \/ Yoast SEO plugin. -->","yoast_head_json":{"title":"Gut Quilts 01 - N\u1ed8I TH\u1ea4T GIA VI\u1ec6T","description":"GIAVICO- C\u00f4ng ty chuy\u00ean s\u1ea3n xu\u1ea5t Ru\u1ed9t m\u1ec1n kh\u00e1ch s\u1ea1n, resort tr\u00ean to\u00e0n qu\u1ed1c, ch\u0103n ga g\u1ed1i kh\u00e1ch s\u1ea1n, kh\u0103n b\u00f4ng kh\u00e1ch s\u1ea1n, r\u00e8m c\u1eeda kh\u00e1ch s\u1ea1n, ch\u0103n g\u1ed1i nh\u00e0 tr\u1ebb","robots":{"index":"index","follow":"follow","max-snippet":"max-snippet:-1","max-image-preview":"max-image-preview:large","max-video-preview":"max-video-preview:-1"},"canonical":"http:\/\/vainoithatkhachsan.com\/en\/products\/chan-ga-goi-09\/","og_locale":"en_US","og_type":"article","og_title":"Gut Quilts 01 - N\u1ed8I TH\u1ea4T GIA VI\u1ec6T","og_description":"GIAVICO- C\u00f4ng ty chuy\u00ean s\u1ea3n xu\u1ea5t Ru\u1ed9t m\u1ec1n kh\u00e1ch s\u1ea1n, resort tr\u00ean to\u00e0n qu\u1ed1c, ch\u0103n ga g\u1ed1i kh\u00e1ch s\u1ea1n, kh\u0103n b\u00f4ng kh\u00e1ch s\u1ea1n, r\u00e8m c\u1eeda kh\u00e1ch s\u1ea1n, ch\u0103n g\u1ed1i nh\u00e0 tr\u1ebb","og_url":"http:\/\/vainoithatkhachsan.com\/en\/products\/chan-ga-goi-09\/","og_site_name":"N\u1ed8I TH\u1ea4T GIA VI\u1ec6T","article_modified_time":"2019-08-10T10:55:54+00:00","og_image":[{"width":375,"height":295,"url":"http:\/\/vainoithatkhachsan.com\/wp-content\/uploads\/2017\/06\/Ru\u1ed9t-m\u1ec1n-2.jpg","type":"image\/jpeg"}],"twitter_card":"summary_large_image","schema":{"@context":"https:\/\/schema.org","@graph":[{"@type":"WebPage","@id":"http:\/\/vainoithatkhachsan.com\/en\/products\/chan-ga-goi-09\/","url":"http:\/\/vainoithatkhachsan.com\/en\/products\/chan-ga-goi-09\/","name":"Gut Quilts 01 - N\u1ed8I TH\u1ea4T GIA VI\u1ec6T","isPartOf":{"@id":"https:\/\/vainoithatkhachsan.com\/en\/#website"},"primaryImageOfPage":{"@id":"http:\/\/vainoithatkhachsan.com\/en\/products\/chan-ga-goi-09\/#primaryimage"},"image":{"@id":"http:\/\/vainoithatkhachsan.com\/en\/products\/chan-ga-goi-09\/#primaryimage"},"thumbnailUrl":"https:\/\/vainoithatkhachsan.com\/wp-content\/uploads\/2017\/06\/Ru\u1ed9t-m\u1ec1n-2.jpg","datePublished":"2017-06-20T07:47:50+00:00","dateModified":"2019-08-10T10:55:54+00:00","description":"GIAVICO- C\u00f4ng ty chuy\u00ean s\u1ea3n xu\u1ea5t Ru\u1ed9t m\u1ec1n kh\u00e1ch s\u1ea1n, resort tr\u00ean to\u00e0n qu\u1ed1c, ch\u0103n ga g\u1ed1i kh\u00e1ch s\u1ea1n, kh\u0103n b\u00f4ng kh\u00e1ch s\u1ea1n, r\u00e8m c\u1eeda kh\u00e1ch s\u1ea1n, ch\u0103n g\u1ed1i nh\u00e0 tr\u1ebb","breadcrumb":{"@id":"http:\/\/vainoithatkhachsan.com\/en\/products\/chan-ga-goi-09\/#breadcrumb"},"inLanguage":"en-US","potentialAction":[{"@type":"ReadAction","target":["http:\/\/vainoithatkhachsan.com\/en\/products\/chan-ga-goi-09\/"]}]},{"@type":"ImageObject","inLanguage":"en-US","@id":"http:\/\/vainoithatkhachsan.com\/en\/products\/chan-ga-goi-09\/#primaryimage","url":"https:\/\/vainoithatkhachsan.com\/wp-content\/uploads\/2017\/06\/Ru\u1ed9t-m\u1ec1n-2.jpg","contentUrl":"https:\/\/vainoithatkhachsan.com\/wp-content\/uploads\/2017\/06\/Ru\u1ed9t-m\u1ec1n-2.jpg","width":375,"height":295},{"@type":"BreadcrumbList","@id":"http:\/\/vainoithatkhachsan.com\/en\/products\/chan-ga-goi-09\/#breadcrumb","itemListElement":[{"@type":"ListItem","position":1,"name":"Trang ch\u1ee7","item":"https:\/\/vainoithatkhachsan.com\/en\/"},{"@type":"ListItem","position":2,"name":"Shop","item":"https:\/\/vainoithatkhachsan.com\/en\/shop\/"},{"@type":"ListItem","position":3,"name":"Gut Quilts 01"}]},{"@type":"WebSite","@id":"https:\/\/vainoithatkhachsan.com\/en\/#website","url":"https:\/\/vainoithatkhachsan.com\/en\/","name":"N\u1ed8I TH\u1ea4T GIA VI\u1ec6T","description":"CHUY\u00caN CH\u0102N GA G\u1ed0I N\u1ec6M","potentialAction":[{"@type":"SearchAction","target":{"@type":"EntryPoint","urlTemplate":"https:\/\/vainoithatkhachsan.com\/en\/?s={search_term_string}"},"query-input":"required name=search_term_string"}],"inLanguage":"en-US"}]}},"_links":{"self":[{"href":"https:\/\/vainoithatkhachsan.com\/en\/wp-json\/wp\/v2\/product\/6524"}],"collection":[{"href":"https:\/\/vainoithatkhachsan.com\/en\/wp-json\/wp\/v2\/product"}],"about":[{"href":"https:\/\/vainoithatkhachsan.com\/en\/wp-json\/wp\/v2\/types\/product"}],"replies":[{"embeddable":true,"href":"https:\/\/vainoithatkhachsan.com\/en\/wp-json\/wp\/v2\/comments?post=6524"}],"wp:featuredmedia":[{"embeddable":true,"href":"https:\/\/vainoithatkhachsan.com\/en\/wp-json\/wp\/v2\/media\/6531"}],"wp:attachment":[{"href":"https:\/\/vainoithatkhachsan.com\/en\/wp-json\/wp\/v2\/media?parent=6524"}],"wp:term":[{"taxonomy":"product_cat","embeddable":true,"href":"https:\/\/vainoithatkhachsan.com\/en\/wp-json\/wp\/v2\/product_cat?post=6524"},{"taxonomy":"product_tag","embeddable":true,"href":"https:\/\/vainoithatkhachsan.com\/en\/wp-json\/wp\/v2\/product_tag?post=6524"}],"curies":[{"name":"wp","href":"https:\/\/api.w.org\/{rel}","templated":true}]}}