
{"id":6596,"date":"2017-06-20T16:10:14","date_gmt":"2017-06-20T09:10:14","guid":{"rendered":"http:\/\/vainoithatkhachsan.com\/san-pham\/ao-ghe-01\/"},"modified":"2019-08-09T12:34:37","modified_gmt":"2019-08-09T05:34:37","slug":"ao-ghe-nha-hang-01","status":"publish","type":"product","link":"https:\/\/vainoithatkhachsan.com\/en\/products\/ao-ghe-nha-hang-01\/","title":{"rendered":"\u00c1o gh\u1ebf nh\u00e0 h\u00e0ng GVAG-01"},"content":{"rendered":"<p><em>GIAVICO \u2013 C\u00f4ng ty chuy\u00ean s\u1ea3n xu\u1ea5t \u00c1o gh\u1ebf nh\u00e0 h\u00e0ng cho kh\u00e1ch s\u1ea1n, kh\u0103n b\u00e0n nh\u00e0 h\u00e0ng ti\u1ec7c c\u01b0\u1edbi tr\u00ean to\u00e0n qu\u1ed1c<\/em><\/p>\n<p><em>C\u00f4ng ty gi\u1edbi thi\u1ec7u \u0111\u1ebfn Qu\u00fd kh\u00e1ch h\u00e0ng nhi\u1ec1u lo\u1ea1i v\u1ea3i nh\u01b0: thun s\u1ecdc ch\u00e9o, v\u1ea3i g\u1ea5m cao c\u1ea5p, kaki, l\u1ee5a\u2026, \u0111\u1ec3 s\u1ea3n xu\u1ea5t \u00c1o gh\u1ebf nh\u00e0 h\u00e0ng<\/em><\/p>\n<p><em>\u201c<strong>C\u00f3 r\u1ea5t nhi\u1ec1u d\u00f2ng v\u1ea3i, \u0111a d\u1ea1ng m\u00e0u s\u1eafc v\u00e0 hoa v\u0103n, Qu\u00fd kh\u00e1ch c\u00f3 nhu c\u1ea7u, li\u00ean h\u1ec7 ngay 0906.87.11.86 \u0111\u1ec3 \u0111\u01b0\u1ee3c t\u01b0 v\u1ea5n<\/strong>\u201c<\/em><\/p>\n<p><em>Nh\u1eadp m\u1eabu v\u1ea3i theo y\u00eau c\u1ea7u v\u1edbi s\u1ed1 l\u01b0\u1ee3ng l\u1edbn<\/em><\/p>\n","protected":false},"excerpt":{"rendered":"<p><em>\u00c1o gh\u1ebf nh\u00e0 h\u00e0ng v\u1edbi nhi\u1ec1u m\u1eabu m\u00e3, m\u00e0u s\u1eafc \u0111a d\u1ea1ng, nhi\u1ec1u h\u1ecda ti\u1ebft kh\u00e1c nhau<\/em><\/p>\n<p><em>\u00c1o gh\u1ebf nh\u00e0 h\u00e0ng \u0111\u01b0\u1ee3c l\u00e0m t\u1eeb: 100% polyester, CVC, kaki, g\u1ea5m, l\u1ee5a cao c\u1ea5p, thun 4 chi\u1ec1u, thun s\u1ecdc ch\u00e9o,&#8230;<\/em><\/p>\n<p><em>Gi\u00e1: Li\u00ean h\u1ec7 ngay 0906.87.11.86<\/em><\/p>\n<p><em>S\u1ea3n xu\u1ea5t theo y\u00eau c\u1ea7u kh\u00e1ch h\u00e0ng<\/em><\/p>\n","protected":false},"featured_media":6595,"comment_status":"open","ping_status":"closed","template":"","meta":[],"product_cat":[109,107],"product_tag":[186,187,188,189,190],"yoast_head":"<!-- This site is optimized with the Yoast SEO plugin v22.4 - https:\/\/yoast.com\/wordpress\/plugins\/seo\/ -->\n<title>\u00c1o gh\u1ebf nh\u00e0 h\u00e0ng GVAG-01 - N\u1ed8I TH\u1ea4T GIA VI\u1ec6T<\/title>\n<meta name=\"description\" content=\"GIAVICO \u2013 C\u00f4ng ty chuy\u00ean s\u1ea3n xu\u1ea5t \u00c1o gh\u1ebf nh\u00e0 h\u00e0ng cho kh\u00e1ch s\u1ea1n, kh\u0103n b\u00e0n nh\u00e0 h\u00e0ng ti\u1ec7c c\u01b0\u1edbi tr\u00ean to\u00e0n qu\u1ed1cC\u00f4ng ty gi\u1edbi thi\u1ec7u \u0111\u1ebfn Qu\u00fd kh\u00e1ch h\u00e0ng nhi\u1ec1u lo\u1ea1i v\u1ea3i nh\u01b0: thun s\u1ecdc ch\u00e9o, v\u1ea3i g\u1ea5m cao c\u1ea5p, kaki, l\u1ee5a\u2026, \u0111\u1ec3 s\u1ea3n xu\u1ea5t \u00c1o gh\u1ebf nh\u00e0 h\u00e0ng\" \/>\n<meta name=\"robots\" content=\"index, follow, max-snippet:-1, max-image-preview:large, max-video-preview:-1\" \/>\n<link rel=\"canonical\" href=\"http:\/\/vainoithatkhachsan.com\/en\/products\/ao-ghe-nha-hang-01\/\" \/>\n<meta property=\"og:locale\" content=\"en_US\" \/>\n<meta property=\"og:type\" content=\"article\" \/>\n<meta property=\"og:title\" content=\"\u00c1o gh\u1ebf nh\u00e0 h\u00e0ng GVAG-01 - N\u1ed8I TH\u1ea4T GIA VI\u1ec6T\" \/>\n<meta property=\"og:description\" content=\"GIAVICO \u2013 C\u00f4ng ty chuy\u00ean s\u1ea3n xu\u1ea5t \u00c1o gh\u1ebf nh\u00e0 h\u00e0ng cho kh\u00e1ch s\u1ea1n, kh\u0103n b\u00e0n nh\u00e0 h\u00e0ng ti\u1ec7c c\u01b0\u1edbi tr\u00ean to\u00e0n qu\u1ed1cC\u00f4ng ty gi\u1edbi thi\u1ec7u \u0111\u1ebfn Qu\u00fd kh\u00e1ch h\u00e0ng nhi\u1ec1u lo\u1ea1i v\u1ea3i nh\u01b0: thun s\u1ecdc ch\u00e9o, v\u1ea3i g\u1ea5m cao c\u1ea5p, kaki, l\u1ee5a\u2026, \u0111\u1ec3 s\u1ea3n xu\u1ea5t \u00c1o gh\u1ebf nh\u00e0 h\u00e0ng\" \/>\n<meta property=\"og:url\" content=\"http:\/\/vainoithatkhachsan.com\/en\/products\/ao-ghe-nha-hang-01\/\" \/>\n<meta property=\"og:site_name\" content=\"N\u1ed8I TH\u1ea4T GIA VI\u1ec6T\" \/>\n<meta property=\"article:modified_time\" content=\"2019-08-09T05:34:37+00:00\" \/>\n<meta property=\"og:image\" content=\"http:\/\/vainoithatkhachsan.com\/wp-content\/uploads\/2017\/06\/aoghe03.jpg\" \/>\n\t<meta property=\"og:image:width\" content=\"600\" \/>\n\t<meta property=\"og:image:height\" content=\"600\" \/>\n\t<meta property=\"og:image:type\" content=\"image\/jpeg\" \/>\n<meta name=\"twitter:card\" content=\"summary_large_image\" \/>\n<meta name=\"twitter:label1\" content=\"Est. reading time\" \/>\n\t<meta name=\"twitter:data1\" content=\"1 minute\" \/>\n<script type=\"application\/ld+json\" class=\"yoast-schema-graph\">{\"@context\":\"https:\/\/schema.org\",\"@graph\":[{\"@type\":\"WebPage\",\"@id\":\"http:\/\/vainoithatkhachsan.com\/en\/products\/ao-ghe-nha-hang-01\/\",\"url\":\"http:\/\/vainoithatkhachsan.com\/en\/products\/ao-ghe-nha-hang-01\/\",\"name\":\"\u00c1o gh\u1ebf nh\u00e0 h\u00e0ng GVAG-01 - N\u1ed8I TH\u1ea4T GIA VI\u1ec6T\",\"isPartOf\":{\"@id\":\"https:\/\/vainoithatkhachsan.com\/en\/#website\"},\"primaryImageOfPage\":{\"@id\":\"http:\/\/vainoithatkhachsan.com\/en\/products\/ao-ghe-nha-hang-01\/#primaryimage\"},\"image\":{\"@id\":\"http:\/\/vainoithatkhachsan.com\/en\/products\/ao-ghe-nha-hang-01\/#primaryimage\"},\"thumbnailUrl\":\"https:\/\/vainoithatkhachsan.com\/wp-content\/uploads\/2017\/06\/aoghe03.jpg\",\"datePublished\":\"2017-06-20T09:10:14+00:00\",\"dateModified\":\"2019-08-09T05:34:37+00:00\",\"description\":\"GIAVICO \u2013 C\u00f4ng ty chuy\u00ean s\u1ea3n xu\u1ea5t \u00c1o gh\u1ebf nh\u00e0 h\u00e0ng cho kh\u00e1ch s\u1ea1n, kh\u0103n b\u00e0n nh\u00e0 h\u00e0ng ti\u1ec7c c\u01b0\u1edbi tr\u00ean to\u00e0n qu\u1ed1cC\u00f4ng ty gi\u1edbi thi\u1ec7u \u0111\u1ebfn Qu\u00fd kh\u00e1ch h\u00e0ng nhi\u1ec1u lo\u1ea1i v\u1ea3i nh\u01b0: thun s\u1ecdc ch\u00e9o, v\u1ea3i g\u1ea5m cao c\u1ea5p, kaki, l\u1ee5a\u2026, \u0111\u1ec3 s\u1ea3n xu\u1ea5t \u00c1o gh\u1ebf nh\u00e0 h\u00e0ng\",\"breadcrumb\":{\"@id\":\"http:\/\/vainoithatkhachsan.com\/en\/products\/ao-ghe-nha-hang-01\/#breadcrumb\"},\"inLanguage\":\"en-US\",\"potentialAction\":[{\"@type\":\"ReadAction\",\"target\":[\"http:\/\/vainoithatkhachsan.com\/en\/products\/ao-ghe-nha-hang-01\/\"]}]},{\"@type\":\"ImageObject\",\"inLanguage\":\"en-US\",\"@id\":\"http:\/\/vainoithatkhachsan.com\/en\/products\/ao-ghe-nha-hang-01\/#primaryimage\",\"url\":\"https:\/\/vainoithatkhachsan.com\/wp-content\/uploads\/2017\/06\/aoghe03.jpg\",\"contentUrl\":\"https:\/\/vainoithatkhachsan.com\/wp-content\/uploads\/2017\/06\/aoghe03.jpg\",\"width\":600,\"height\":600},{\"@type\":\"BreadcrumbList\",\"@id\":\"http:\/\/vainoithatkhachsan.com\/en\/products\/ao-ghe-nha-hang-01\/#breadcrumb\",\"itemListElement\":[{\"@type\":\"ListItem\",\"position\":1,\"name\":\"Trang ch\u1ee7\",\"item\":\"https:\/\/vainoithatkhachsan.com\/en\/\"},{\"@type\":\"ListItem\",\"position\":2,\"name\":\"Shop\",\"item\":\"https:\/\/vainoithatkhachsan.com\/en\/shop\/\"},{\"@type\":\"ListItem\",\"position\":3,\"name\":\"\u00c1o gh\u1ebf nh\u00e0 h\u00e0ng GVAG-01\"}]},{\"@type\":\"WebSite\",\"@id\":\"https:\/\/vainoithatkhachsan.com\/en\/#website\",\"url\":\"https:\/\/vainoithatkhachsan.com\/en\/\",\"name\":\"N\u1ed8I TH\u1ea4T GIA VI\u1ec6T\",\"description\":\"CHUY\u00caN CH\u0102N GA G\u1ed0I N\u1ec6M\",\"potentialAction\":[{\"@type\":\"SearchAction\",\"target\":{\"@type\":\"EntryPoint\",\"urlTemplate\":\"https:\/\/vainoithatkhachsan.com\/en\/?s={search_term_string}\"},\"query-input\":\"required name=search_term_string\"}],\"inLanguage\":\"en-US\"}]}<\/script>\n<!-- \/ Yoast SEO plugin. -->","yoast_head_json":{"title":"\u00c1o gh\u1ebf nh\u00e0 h\u00e0ng GVAG-01 - N\u1ed8I TH\u1ea4T GIA VI\u1ec6T","description":"GIAVICO \u2013 C\u00f4ng ty chuy\u00ean s\u1ea3n xu\u1ea5t \u00c1o gh\u1ebf nh\u00e0 h\u00e0ng cho kh\u00e1ch s\u1ea1n, kh\u0103n b\u00e0n nh\u00e0 h\u00e0ng ti\u1ec7c c\u01b0\u1edbi tr\u00ean to\u00e0n qu\u1ed1cC\u00f4ng ty gi\u1edbi thi\u1ec7u \u0111\u1ebfn Qu\u00fd kh\u00e1ch h\u00e0ng nhi\u1ec1u lo\u1ea1i v\u1ea3i nh\u01b0: thun s\u1ecdc ch\u00e9o, v\u1ea3i g\u1ea5m cao c\u1ea5p, kaki, l\u1ee5a\u2026, \u0111\u1ec3 s\u1ea3n xu\u1ea5t \u00c1o gh\u1ebf nh\u00e0 h\u00e0ng","robots":{"index":"index","follow":"follow","max-snippet":"max-snippet:-1","max-image-preview":"max-image-preview:large","max-video-preview":"max-video-preview:-1"},"canonical":"http:\/\/vainoithatkhachsan.com\/en\/products\/ao-ghe-nha-hang-01\/","og_locale":"en_US","og_type":"article","og_title":"\u00c1o gh\u1ebf nh\u00e0 h\u00e0ng GVAG-01 - N\u1ed8I TH\u1ea4T GIA VI\u1ec6T","og_description":"GIAVICO \u2013 C\u00f4ng ty chuy\u00ean s\u1ea3n xu\u1ea5t \u00c1o gh\u1ebf nh\u00e0 h\u00e0ng cho kh\u00e1ch s\u1ea1n, kh\u0103n b\u00e0n nh\u00e0 h\u00e0ng ti\u1ec7c c\u01b0\u1edbi tr\u00ean to\u00e0n qu\u1ed1cC\u00f4ng ty gi\u1edbi thi\u1ec7u \u0111\u1ebfn Qu\u00fd kh\u00e1ch h\u00e0ng nhi\u1ec1u lo\u1ea1i v\u1ea3i nh\u01b0: thun s\u1ecdc ch\u00e9o, v\u1ea3i g\u1ea5m cao c\u1ea5p, kaki, l\u1ee5a\u2026, \u0111\u1ec3 s\u1ea3n xu\u1ea5t \u00c1o gh\u1ebf nh\u00e0 h\u00e0ng","og_url":"http:\/\/vainoithatkhachsan.com\/en\/products\/ao-ghe-nha-hang-01\/","og_site_name":"N\u1ed8I TH\u1ea4T GIA VI\u1ec6T","article_modified_time":"2019-08-09T05:34:37+00:00","og_image":[{"width":600,"height":600,"url":"http:\/\/vainoithatkhachsan.com\/wp-content\/uploads\/2017\/06\/aoghe03.jpg","type":"image\/jpeg"}],"twitter_card":"summary_large_image","twitter_misc":{"Est. reading time":"1 minute"},"schema":{"@context":"https:\/\/schema.org","@graph":[{"@type":"WebPage","@id":"http:\/\/vainoithatkhachsan.com\/en\/products\/ao-ghe-nha-hang-01\/","url":"http:\/\/vainoithatkhachsan.com\/en\/products\/ao-ghe-nha-hang-01\/","name":"\u00c1o gh\u1ebf nh\u00e0 h\u00e0ng GVAG-01 - N\u1ed8I TH\u1ea4T GIA VI\u1ec6T","isPartOf":{"@id":"https:\/\/vainoithatkhachsan.com\/en\/#website"},"primaryImageOfPage":{"@id":"http:\/\/vainoithatkhachsan.com\/en\/products\/ao-ghe-nha-hang-01\/#primaryimage"},"image":{"@id":"http:\/\/vainoithatkhachsan.com\/en\/products\/ao-ghe-nha-hang-01\/#primaryimage"},"thumbnailUrl":"https:\/\/vainoithatkhachsan.com\/wp-content\/uploads\/2017\/06\/aoghe03.jpg","datePublished":"2017-06-20T09:10:14+00:00","dateModified":"2019-08-09T05:34:37+00:00","description":"GIAVICO \u2013 C\u00f4ng ty chuy\u00ean s\u1ea3n xu\u1ea5t \u00c1o gh\u1ebf nh\u00e0 h\u00e0ng cho kh\u00e1ch s\u1ea1n, kh\u0103n b\u00e0n nh\u00e0 h\u00e0ng ti\u1ec7c c\u01b0\u1edbi tr\u00ean to\u00e0n qu\u1ed1cC\u00f4ng ty gi\u1edbi thi\u1ec7u \u0111\u1ebfn Qu\u00fd kh\u00e1ch h\u00e0ng nhi\u1ec1u lo\u1ea1i v\u1ea3i nh\u01b0: thun s\u1ecdc ch\u00e9o, v\u1ea3i g\u1ea5m cao c\u1ea5p, kaki, l\u1ee5a\u2026, \u0111\u1ec3 s\u1ea3n xu\u1ea5t \u00c1o gh\u1ebf nh\u00e0 h\u00e0ng","breadcrumb":{"@id":"http:\/\/vainoithatkhachsan.com\/en\/products\/ao-ghe-nha-hang-01\/#breadcrumb"},"inLanguage":"en-US","potentialAction":[{"@type":"ReadAction","target":["http:\/\/vainoithatkhachsan.com\/en\/products\/ao-ghe-nha-hang-01\/"]}]},{"@type":"ImageObject","inLanguage":"en-US","@id":"http:\/\/vainoithatkhachsan.com\/en\/products\/ao-ghe-nha-hang-01\/#primaryimage","url":"https:\/\/vainoithatkhachsan.com\/wp-content\/uploads\/2017\/06\/aoghe03.jpg","contentUrl":"https:\/\/vainoithatkhachsan.com\/wp-content\/uploads\/2017\/06\/aoghe03.jpg","width":600,"height":600},{"@type":"BreadcrumbList","@id":"http:\/\/vainoithatkhachsan.com\/en\/products\/ao-ghe-nha-hang-01\/#breadcrumb","itemListElement":[{"@type":"ListItem","position":1,"name":"Trang ch\u1ee7","item":"https:\/\/vainoithatkhachsan.com\/en\/"},{"@type":"ListItem","position":2,"name":"Shop","item":"https:\/\/vainoithatkhachsan.com\/en\/shop\/"},{"@type":"ListItem","position":3,"name":"\u00c1o gh\u1ebf nh\u00e0 h\u00e0ng GVAG-01"}]},{"@type":"WebSite","@id":"https:\/\/vainoithatkhachsan.com\/en\/#website","url":"https:\/\/vainoithatkhachsan.com\/en\/","name":"N\u1ed8I TH\u1ea4T GIA VI\u1ec6T","description":"CHUY\u00caN CH\u0102N GA G\u1ed0I N\u1ec6M","potentialAction":[{"@type":"SearchAction","target":{"@type":"EntryPoint","urlTemplate":"https:\/\/vainoithatkhachsan.com\/en\/?s={search_term_string}"},"query-input":"required name=search_term_string"}],"inLanguage":"en-US"}]}},"_links":{"self":[{"href":"https:\/\/vainoithatkhachsan.com\/en\/wp-json\/wp\/v2\/product\/6596"}],"collection":[{"href":"https:\/\/vainoithatkhachsan.com\/en\/wp-json\/wp\/v2\/product"}],"about":[{"href":"https:\/\/vainoithatkhachsan.com\/en\/wp-json\/wp\/v2\/types\/product"}],"replies":[{"embeddable":true,"href":"https:\/\/vainoithatkhachsan.com\/en\/wp-json\/wp\/v2\/comments?post=6596"}],"wp:featuredmedia":[{"embeddable":true,"href":"https:\/\/vainoithatkhachsan.com\/en\/wp-json\/wp\/v2\/media\/6595"}],"wp:attachment":[{"href":"https:\/\/vainoithatkhachsan.com\/en\/wp-json\/wp\/v2\/media?parent=6596"}],"wp:term":[{"taxonomy":"product_cat","embeddable":true,"href":"https:\/\/vainoithatkhachsan.com\/en\/wp-json\/wp\/v2\/product_cat?post=6596"},{"taxonomy":"product_tag","embeddable":true,"href":"https:\/\/vainoithatkhachsan.com\/en\/wp-json\/wp\/v2\/product_tag?post=6596"}],"curies":[{"name":"wp","href":"https:\/\/api.w.org\/{rel}","templated":true}]}}