
{"id":6609,"date":"2017-06-20T16:15:09","date_gmt":"2017-06-20T09:15:09","guid":{"rendered":"http:\/\/vainoithatkhachsan.com\/?post_type=product&#038;p=6609\/"},"modified":"2019-08-09T00:02:36","modified_gmt":"2019-08-08T17:02:36","slug":"khan-an-02","status":"publish","type":"product","link":"https:\/\/vainoithatkhachsan.com\/en\/products\/khan-an-02\/","title":{"rendered":"Kh\u0103n \u0102n 02"},"content":{"rendered":"<p><em>GIAVICO &#8211; C\u00f4ng ty chuy\u00ean s\u1ea3n xu\u1ea5t kh\u0103n \u0103n nh\u00e0 h\u00e0ng cho kh\u00e1ch s\u1ea1n, kh\u0103n \u0103n nh\u00e0 h\u00e0ng ti\u1ec7c c\u01b0\u1edbi tr\u00ean to\u00e0n qu\u1ed1c<\/em><\/p>\n<p><em>C\u00f4ng ty gi\u1edbi thi\u1ec7u \u0111\u1ebfn Qu\u00fd kh\u00e1ch h\u00e0ng nhi\u1ec1u lo\u1ea1i v\u1ea3i cao c\u1ea5p may kh\u0103n \u0103n cho nh\u00e0 h\u00e0ng cao c\u1ea5p: v\u1ea3i cotton, v\u1ea3i kaki cao c\u1ea5p, v\u1ea3i g\u1ea5m cao c\u1ea5p<\/em><\/p>\n<p><em>&#8220;<strong>C\u00f3 r\u1ea5t nhi\u1ec1u d\u00f2ng v\u1ea3i, \u0111a d\u1ea1ng m\u00e0u s\u1eafc v\u00e0 hoa v\u0103n, Qu\u00fd kh\u00e1ch c\u00f3 nhu c\u1ea7u, li\u00ean h\u1ec7 ngay 0906.87.11.86 \u0111\u1ec3 \u0111\u01b0\u1ee3c t\u01b0 v\u1ea5n<\/strong>&#8220;<\/em><\/p>\n<p><em>Nh\u1eadp m\u1eabu v\u1ea3i theo y\u00eau c\u1ea7u v\u1edbi s\u1ed1 l\u01b0\u1ee3ng l\u1edbn<\/em><\/p>\n","protected":false},"excerpt":{"rendered":"<p>Kh\u0103n \u0103n cao c\u1ea5p: v\u1ea3i 100% cotton, v\u1ea3i g\u1ea5m cao c\u1ea5p<\/p>\n<p>Gi\u00e1: Li\u00ean h\u1ec7 ngay 0906.87.11.86<\/p>\n<p>S\u1ea3n xu\u1ea5t theo y\u00eau c\u1ea7u kh\u00e1ch h\u00e0ng<\/p>\n<p>&nbsp;<\/p>\n<p>&nbsp;<\/p>\n","protected":false},"featured_media":6604,"comment_status":"open","ping_status":"closed","template":"","meta":[],"product_cat":[110,107],"product_tag":[],"yoast_head":"<!-- This site is optimized with the Yoast SEO plugin v22.4 - https:\/\/yoast.com\/wordpress\/plugins\/seo\/ -->\n<title>Kh\u0103n \u0102n 02 - N\u1ed8I TH\u1ea4T GIA VI\u1ec6T<\/title>\n<meta name=\"description\" content=\"GIAVICO - C\u00f4ng ty chuy\u00ean s\u1ea3n xu\u1ea5t kh\u0103n \u0103n nh\u00e0 h\u00e0ng cho kh\u00e1ch s\u1ea1n, kh\u0103n \u0103n nh\u00e0 h\u00e0ng ti\u1ec7c c\u01b0\u1edbi tr\u00ean to\u00e0n qu\u1ed1cC\u00f4ng ty gi\u1edbi thi\u1ec7u \u0111\u1ebfn Qu\u00fd kh\u00e1ch h\u00e0ng nhi\u1ec1u lo\u1ea1i v\u1ea3i cao c\u1ea5p may kh\u0103n \u0103n cho nh\u00e0 h\u00e0ng cao c\u1ea5p: v\u1ea3i cotton, v\u1ea3i kaki cao c\u1ea5p, v\u1ea3i g\u1ea5m cao c\u1ea5p\" \/>\n<meta name=\"robots\" content=\"index, follow, max-snippet:-1, max-image-preview:large, max-video-preview:-1\" \/>\n<link rel=\"canonical\" href=\"http:\/\/vainoithatkhachsan.com\/en\/products\/khan-an-02\/\" \/>\n<meta property=\"og:locale\" content=\"en_US\" \/>\n<meta property=\"og:type\" content=\"article\" \/>\n<meta property=\"og:title\" content=\"Kh\u0103n \u0102n 02 - N\u1ed8I TH\u1ea4T GIA VI\u1ec6T\" \/>\n<meta property=\"og:description\" content=\"GIAVICO - C\u00f4ng ty chuy\u00ean s\u1ea3n xu\u1ea5t kh\u0103n \u0103n nh\u00e0 h\u00e0ng cho kh\u00e1ch s\u1ea1n, kh\u0103n \u0103n nh\u00e0 h\u00e0ng ti\u1ec7c c\u01b0\u1edbi tr\u00ean to\u00e0n qu\u1ed1cC\u00f4ng ty gi\u1edbi thi\u1ec7u \u0111\u1ebfn Qu\u00fd kh\u00e1ch h\u00e0ng nhi\u1ec1u lo\u1ea1i v\u1ea3i cao c\u1ea5p may kh\u0103n \u0103n cho nh\u00e0 h\u00e0ng cao c\u1ea5p: v\u1ea3i cotton, v\u1ea3i kaki cao c\u1ea5p, v\u1ea3i g\u1ea5m cao c\u1ea5p\" \/>\n<meta property=\"og:url\" content=\"http:\/\/vainoithatkhachsan.com\/en\/products\/khan-an-02\/\" \/>\n<meta property=\"og:site_name\" content=\"N\u1ed8I TH\u1ea4T GIA VI\u1ec6T\" \/>\n<meta property=\"article:modified_time\" content=\"2019-08-08T17:02:36+00:00\" \/>\n<meta property=\"og:image\" content=\"http:\/\/vainoithatkhachsan.com\/wp-content\/uploads\/2017\/06\/khanan02.jpg\" \/>\n\t<meta property=\"og:image:width\" content=\"640\" \/>\n\t<meta property=\"og:image:height\" content=\"480\" \/>\n\t<meta property=\"og:image:type\" content=\"image\/jpeg\" \/>\n<meta name=\"twitter:card\" content=\"summary_large_image\" \/>\n<meta name=\"twitter:label1\" content=\"Est. reading time\" \/>\n\t<meta name=\"twitter:data1\" content=\"1 minute\" \/>\n<script type=\"application\/ld+json\" class=\"yoast-schema-graph\">{\"@context\":\"https:\/\/schema.org\",\"@graph\":[{\"@type\":\"WebPage\",\"@id\":\"http:\/\/vainoithatkhachsan.com\/en\/products\/khan-an-02\/\",\"url\":\"http:\/\/vainoithatkhachsan.com\/en\/products\/khan-an-02\/\",\"name\":\"Kh\u0103n \u0102n 02 - N\u1ed8I TH\u1ea4T GIA VI\u1ec6T\",\"isPartOf\":{\"@id\":\"https:\/\/vainoithatkhachsan.com\/en\/#website\"},\"primaryImageOfPage\":{\"@id\":\"http:\/\/vainoithatkhachsan.com\/en\/products\/khan-an-02\/#primaryimage\"},\"image\":{\"@id\":\"http:\/\/vainoithatkhachsan.com\/en\/products\/khan-an-02\/#primaryimage\"},\"thumbnailUrl\":\"https:\/\/vainoithatkhachsan.com\/wp-content\/uploads\/2017\/06\/khanan02.jpg\",\"datePublished\":\"2017-06-20T09:15:09+00:00\",\"dateModified\":\"2019-08-08T17:02:36+00:00\",\"description\":\"GIAVICO - C\u00f4ng ty chuy\u00ean s\u1ea3n xu\u1ea5t kh\u0103n \u0103n nh\u00e0 h\u00e0ng cho kh\u00e1ch s\u1ea1n, kh\u0103n \u0103n nh\u00e0 h\u00e0ng ti\u1ec7c c\u01b0\u1edbi tr\u00ean to\u00e0n qu\u1ed1cC\u00f4ng ty gi\u1edbi thi\u1ec7u \u0111\u1ebfn Qu\u00fd kh\u00e1ch h\u00e0ng nhi\u1ec1u lo\u1ea1i v\u1ea3i cao c\u1ea5p may kh\u0103n \u0103n cho nh\u00e0 h\u00e0ng cao c\u1ea5p: v\u1ea3i cotton, v\u1ea3i kaki cao c\u1ea5p, v\u1ea3i g\u1ea5m cao c\u1ea5p\",\"breadcrumb\":{\"@id\":\"http:\/\/vainoithatkhachsan.com\/en\/products\/khan-an-02\/#breadcrumb\"},\"inLanguage\":\"en-US\",\"potentialAction\":[{\"@type\":\"ReadAction\",\"target\":[\"http:\/\/vainoithatkhachsan.com\/en\/products\/khan-an-02\/\"]}]},{\"@type\":\"ImageObject\",\"inLanguage\":\"en-US\",\"@id\":\"http:\/\/vainoithatkhachsan.com\/en\/products\/khan-an-02\/#primaryimage\",\"url\":\"https:\/\/vainoithatkhachsan.com\/wp-content\/uploads\/2017\/06\/khanan02.jpg\",\"contentUrl\":\"https:\/\/vainoithatkhachsan.com\/wp-content\/uploads\/2017\/06\/khanan02.jpg\",\"width\":640,\"height\":480},{\"@type\":\"BreadcrumbList\",\"@id\":\"http:\/\/vainoithatkhachsan.com\/en\/products\/khan-an-02\/#breadcrumb\",\"itemListElement\":[{\"@type\":\"ListItem\",\"position\":1,\"name\":\"Trang ch\u1ee7\",\"item\":\"https:\/\/vainoithatkhachsan.com\/en\/\"},{\"@type\":\"ListItem\",\"position\":2,\"name\":\"Shop\",\"item\":\"https:\/\/vainoithatkhachsan.com\/en\/shop\/\"},{\"@type\":\"ListItem\",\"position\":3,\"name\":\"Kh\u0103n \u0102n 02\"}]},{\"@type\":\"WebSite\",\"@id\":\"https:\/\/vainoithatkhachsan.com\/en\/#website\",\"url\":\"https:\/\/vainoithatkhachsan.com\/en\/\",\"name\":\"N\u1ed8I TH\u1ea4T GIA VI\u1ec6T\",\"description\":\"CHUY\u00caN CH\u0102N GA G\u1ed0I N\u1ec6M\",\"potentialAction\":[{\"@type\":\"SearchAction\",\"target\":{\"@type\":\"EntryPoint\",\"urlTemplate\":\"https:\/\/vainoithatkhachsan.com\/en\/?s={search_term_string}\"},\"query-input\":\"required name=search_term_string\"}],\"inLanguage\":\"en-US\"}]}<\/script>\n<!-- \/ Yoast SEO plugin. -->","yoast_head_json":{"title":"Kh\u0103n \u0102n 02 - N\u1ed8I TH\u1ea4T GIA VI\u1ec6T","description":"GIAVICO - C\u00f4ng ty chuy\u00ean s\u1ea3n xu\u1ea5t kh\u0103n \u0103n nh\u00e0 h\u00e0ng cho kh\u00e1ch s\u1ea1n, kh\u0103n \u0103n nh\u00e0 h\u00e0ng ti\u1ec7c c\u01b0\u1edbi tr\u00ean to\u00e0n qu\u1ed1cC\u00f4ng ty gi\u1edbi thi\u1ec7u \u0111\u1ebfn Qu\u00fd kh\u00e1ch h\u00e0ng nhi\u1ec1u lo\u1ea1i v\u1ea3i cao c\u1ea5p may kh\u0103n \u0103n cho nh\u00e0 h\u00e0ng cao c\u1ea5p: v\u1ea3i cotton, v\u1ea3i kaki cao c\u1ea5p, v\u1ea3i g\u1ea5m cao c\u1ea5p","robots":{"index":"index","follow":"follow","max-snippet":"max-snippet:-1","max-image-preview":"max-image-preview:large","max-video-preview":"max-video-preview:-1"},"canonical":"http:\/\/vainoithatkhachsan.com\/en\/products\/khan-an-02\/","og_locale":"en_US","og_type":"article","og_title":"Kh\u0103n \u0102n 02 - N\u1ed8I TH\u1ea4T GIA VI\u1ec6T","og_description":"GIAVICO - C\u00f4ng ty chuy\u00ean s\u1ea3n xu\u1ea5t kh\u0103n \u0103n nh\u00e0 h\u00e0ng cho kh\u00e1ch s\u1ea1n, kh\u0103n \u0103n nh\u00e0 h\u00e0ng ti\u1ec7c c\u01b0\u1edbi tr\u00ean to\u00e0n qu\u1ed1cC\u00f4ng ty gi\u1edbi thi\u1ec7u \u0111\u1ebfn Qu\u00fd kh\u00e1ch h\u00e0ng nhi\u1ec1u lo\u1ea1i v\u1ea3i cao c\u1ea5p may kh\u0103n \u0103n cho nh\u00e0 h\u00e0ng cao c\u1ea5p: v\u1ea3i cotton, v\u1ea3i kaki cao c\u1ea5p, v\u1ea3i g\u1ea5m cao c\u1ea5p","og_url":"http:\/\/vainoithatkhachsan.com\/en\/products\/khan-an-02\/","og_site_name":"N\u1ed8I TH\u1ea4T GIA VI\u1ec6T","article_modified_time":"2019-08-08T17:02:36+00:00","og_image":[{"width":640,"height":480,"url":"http:\/\/vainoithatkhachsan.com\/wp-content\/uploads\/2017\/06\/khanan02.jpg","type":"image\/jpeg"}],"twitter_card":"summary_large_image","twitter_misc":{"Est. reading time":"1 minute"},"schema":{"@context":"https:\/\/schema.org","@graph":[{"@type":"WebPage","@id":"http:\/\/vainoithatkhachsan.com\/en\/products\/khan-an-02\/","url":"http:\/\/vainoithatkhachsan.com\/en\/products\/khan-an-02\/","name":"Kh\u0103n \u0102n 02 - N\u1ed8I TH\u1ea4T GIA VI\u1ec6T","isPartOf":{"@id":"https:\/\/vainoithatkhachsan.com\/en\/#website"},"primaryImageOfPage":{"@id":"http:\/\/vainoithatkhachsan.com\/en\/products\/khan-an-02\/#primaryimage"},"image":{"@id":"http:\/\/vainoithatkhachsan.com\/en\/products\/khan-an-02\/#primaryimage"},"thumbnailUrl":"https:\/\/vainoithatkhachsan.com\/wp-content\/uploads\/2017\/06\/khanan02.jpg","datePublished":"2017-06-20T09:15:09+00:00","dateModified":"2019-08-08T17:02:36+00:00","description":"GIAVICO - C\u00f4ng ty chuy\u00ean s\u1ea3n xu\u1ea5t kh\u0103n \u0103n nh\u00e0 h\u00e0ng cho kh\u00e1ch s\u1ea1n, kh\u0103n \u0103n nh\u00e0 h\u00e0ng ti\u1ec7c c\u01b0\u1edbi tr\u00ean to\u00e0n qu\u1ed1cC\u00f4ng ty gi\u1edbi thi\u1ec7u \u0111\u1ebfn Qu\u00fd kh\u00e1ch h\u00e0ng nhi\u1ec1u lo\u1ea1i v\u1ea3i cao c\u1ea5p may kh\u0103n \u0103n cho nh\u00e0 h\u00e0ng cao c\u1ea5p: v\u1ea3i cotton, v\u1ea3i kaki cao c\u1ea5p, v\u1ea3i g\u1ea5m cao c\u1ea5p","breadcrumb":{"@id":"http:\/\/vainoithatkhachsan.com\/en\/products\/khan-an-02\/#breadcrumb"},"inLanguage":"en-US","potentialAction":[{"@type":"ReadAction","target":["http:\/\/vainoithatkhachsan.com\/en\/products\/khan-an-02\/"]}]},{"@type":"ImageObject","inLanguage":"en-US","@id":"http:\/\/vainoithatkhachsan.com\/en\/products\/khan-an-02\/#primaryimage","url":"https:\/\/vainoithatkhachsan.com\/wp-content\/uploads\/2017\/06\/khanan02.jpg","contentUrl":"https:\/\/vainoithatkhachsan.com\/wp-content\/uploads\/2017\/06\/khanan02.jpg","width":640,"height":480},{"@type":"BreadcrumbList","@id":"http:\/\/vainoithatkhachsan.com\/en\/products\/khan-an-02\/#breadcrumb","itemListElement":[{"@type":"ListItem","position":1,"name":"Trang ch\u1ee7","item":"https:\/\/vainoithatkhachsan.com\/en\/"},{"@type":"ListItem","position":2,"name":"Shop","item":"https:\/\/vainoithatkhachsan.com\/en\/shop\/"},{"@type":"ListItem","position":3,"name":"Kh\u0103n \u0102n 02"}]},{"@type":"WebSite","@id":"https:\/\/vainoithatkhachsan.com\/en\/#website","url":"https:\/\/vainoithatkhachsan.com\/en\/","name":"N\u1ed8I TH\u1ea4T GIA VI\u1ec6T","description":"CHUY\u00caN CH\u0102N GA G\u1ed0I N\u1ec6M","potentialAction":[{"@type":"SearchAction","target":{"@type":"EntryPoint","urlTemplate":"https:\/\/vainoithatkhachsan.com\/en\/?s={search_term_string}"},"query-input":"required name=search_term_string"}],"inLanguage":"en-US"}]}},"_links":{"self":[{"href":"https:\/\/vainoithatkhachsan.com\/en\/wp-json\/wp\/v2\/product\/6609"}],"collection":[{"href":"https:\/\/vainoithatkhachsan.com\/en\/wp-json\/wp\/v2\/product"}],"about":[{"href":"https:\/\/vainoithatkhachsan.com\/en\/wp-json\/wp\/v2\/types\/product"}],"replies":[{"embeddable":true,"href":"https:\/\/vainoithatkhachsan.com\/en\/wp-json\/wp\/v2\/comments?post=6609"}],"wp:featuredmedia":[{"embeddable":true,"href":"https:\/\/vainoithatkhachsan.com\/en\/wp-json\/wp\/v2\/media\/6604"}],"wp:attachment":[{"href":"https:\/\/vainoithatkhachsan.com\/en\/wp-json\/wp\/v2\/media?parent=6609"}],"wp:term":[{"taxonomy":"product_cat","embeddable":true,"href":"https:\/\/vainoithatkhachsan.com\/en\/wp-json\/wp\/v2\/product_cat?post=6609"},{"taxonomy":"product_tag","embeddable":true,"href":"https:\/\/vainoithatkhachsan.com\/en\/wp-json\/wp\/v2\/product_tag?post=6609"}],"curies":[{"name":"wp","href":"https:\/\/api.w.org\/{rel}","templated":true}]}}