
{"id":6623,"date":"2017-06-20T16:19:52","date_gmt":"2017-06-20T09:19:52","guid":{"rendered":"http:\/\/vainoithatkhachsan.com\/?post_type=product&#038;p=6623\/"},"modified":"2019-08-08T23:04:03","modified_gmt":"2019-08-08T16:04:03","slug":"vai-soc-satin-01","status":"publish","type":"product","link":"https:\/\/vainoithatkhachsan.com\/en\/products\/vai-soc-satin-01\/","title":{"rendered":"V\u1ea3i tr\u1eafng s\u1ecdc GV-02"},"content":{"rendered":"<p>GIAVICO &#8211; C\u00f4ng ty chuy\u00ean s\u1ea3n xu\u1ea5t ch\u0103n ga g\u1ed1i kh\u00e1ch s\u1ea1n, resort tr\u00ean to\u00e0n qu\u1ed1c<\/p>\n<p>C\u00f4ng ty gi\u1edbi thi\u1ec7u \u0111\u1ebfn Qu\u00fd kh\u00e1ch h\u00e0ng d\u00f2ng v\u1ea3i s\u1ecdc 3cm, 2cm, 1cm chuy\u00ean s\u1eed d\u1ee5ng \u0111\u1ec3 s\u1ea3n xu\u1ea5t ch\u0103n g\u1ed1i kh\u00e1ch s\u1ea1n<\/p>\n<p>D\u00f2ng v\u1ea3i tr\u1eafng s\u1ecdc c\u00f3 2 lo\u1ea1i:<\/p>\n<p>* 100% cotton, 250TC\/inch, 260TC\/inch<\/p>\n<p>* 70% cotton 30% polyester, 250TC\/inch, 260TC\/inch<\/p>\n","protected":false},"excerpt":{"rendered":"<p>V\u1ea3i cotton sateen s\u1ecdc 3cm, s\u1ecdc 2cm, s\u1ecdc 1cm<\/p>\n<p>\u01afu \u0111i\u1ec3m: H\u00fat \u1ea9m t\u1ed1t, th\u00f4ng tho\u00e1ng, m\u00e1y d\u1ec7t kh\u00ed gi\u00fap s\u1ee3i v\u1ea3i b\u1ec1n \u0111\u1eb9p, s\u1ee3i ch\u00e3i k\u1ef9 ch\u1ed1ng x\u00f9 l\u00f4ng<\/p>\n<p>Nh\u01b0\u1ee3c \u0111i\u1ec3m: 100% cotton c\u1ea7n \u1ee7i \u0111\u1ec3 s\u1ea3n ph\u1ea9m \u0111\u1eb9p h\u01a1n khi set up<\/p>\n<p>Gi\u00e1: Li\u00ean h\u1ec7 ngay 0906.87.11.86<\/p>\n<p>S\u1ea3n xu\u1ea5t theo y\u00eau c\u1ea7u kh\u00e1ch h\u00e0ng<\/p>\n","protected":false},"featured_media":6626,"comment_status":"open","ping_status":"closed","template":"","meta":[],"product_cat":[114,113],"product_tag":[153,166,155,156,157],"yoast_head":"<!-- This site is optimized with the Yoast SEO plugin v22.4 - https:\/\/yoast.com\/wordpress\/plugins\/seo\/ -->\n<title>V\u1ea3i tr\u1eafng s\u1ecdc GV-02 - N\u1ed8I TH\u1ea4T GIA VI\u1ec6T<\/title>\n<meta name=\"description\" content=\"GIAVICO - C\u00f4ng ty chuy\u00ean s\u1ea3n xu\u1ea5t ch\u0103n ga g\u1ed1i kh\u00e1ch s\u1ea1n, resort tr\u00ean to\u00e0n qu\u1ed1cC\u00f4ng ty gi\u1edbi thi\u1ec7u \u0111\u1ebfn Qu\u00fd kh\u00e1ch h\u00e0ng d\u00f2ng v\u1ea3i s\u1ecdc 3cm, 2cm, 1cm chuy\u00ean s\u1eed d\u1ee5ng \u0111\u1ec3 s\u1ea3n xu\u1ea5t ch\u0103n g\u1ed1i kh\u00e1ch s\u1ea1n\" \/>\n<meta name=\"robots\" content=\"index, follow, max-snippet:-1, max-image-preview:large, max-video-preview:-1\" \/>\n<link rel=\"canonical\" href=\"https:\/\/vainoithatkhachsan.com\/en\/products\/vai-soc-satin-01\/\" \/>\n<meta property=\"og:locale\" content=\"en_US\" \/>\n<meta property=\"og:type\" content=\"article\" \/>\n<meta property=\"og:title\" content=\"V\u1ea3i tr\u1eafng s\u1ecdc GV-02 - N\u1ed8I TH\u1ea4T GIA VI\u1ec6T\" \/>\n<meta property=\"og:description\" content=\"GIAVICO - C\u00f4ng ty chuy\u00ean s\u1ea3n xu\u1ea5t ch\u0103n ga g\u1ed1i kh\u00e1ch s\u1ea1n, resort tr\u00ean to\u00e0n qu\u1ed1cC\u00f4ng ty gi\u1edbi thi\u1ec7u \u0111\u1ebfn Qu\u00fd kh\u00e1ch h\u00e0ng d\u00f2ng v\u1ea3i s\u1ecdc 3cm, 2cm, 1cm chuy\u00ean s\u1eed d\u1ee5ng \u0111\u1ec3 s\u1ea3n xu\u1ea5t ch\u0103n g\u1ed1i kh\u00e1ch s\u1ea1n\" \/>\n<meta property=\"og:url\" content=\"https:\/\/vainoithatkhachsan.com\/en\/products\/vai-soc-satin-01\/\" \/>\n<meta property=\"og:site_name\" content=\"N\u1ed8I TH\u1ea4T GIA VI\u1ec6T\" \/>\n<meta property=\"article:modified_time\" content=\"2019-08-08T16:04:03+00:00\" \/>\n<meta property=\"og:image\" content=\"https:\/\/vainoithatkhachsan.com\/wp-content\/uploads\/2017\/06\/vaisoc01.jpg\" \/>\n\t<meta property=\"og:image:width\" content=\"670\" \/>\n\t<meta property=\"og:image:height\" content=\"499\" \/>\n\t<meta property=\"og:image:type\" content=\"image\/jpeg\" \/>\n<meta name=\"twitter:card\" content=\"summary_large_image\" \/>\n<script type=\"application\/ld+json\" class=\"yoast-schema-graph\">{\"@context\":\"https:\/\/schema.org\",\"@graph\":[{\"@type\":\"WebPage\",\"@id\":\"https:\/\/vainoithatkhachsan.com\/en\/products\/vai-soc-satin-01\/\",\"url\":\"https:\/\/vainoithatkhachsan.com\/en\/products\/vai-soc-satin-01\/\",\"name\":\"V\u1ea3i tr\u1eafng s\u1ecdc GV-02 - N\u1ed8I TH\u1ea4T GIA VI\u1ec6T\",\"isPartOf\":{\"@id\":\"https:\/\/vainoithatkhachsan.com\/en\/#website\"},\"primaryImageOfPage\":{\"@id\":\"https:\/\/vainoithatkhachsan.com\/en\/products\/vai-soc-satin-01\/#primaryimage\"},\"image\":{\"@id\":\"https:\/\/vainoithatkhachsan.com\/en\/products\/vai-soc-satin-01\/#primaryimage\"},\"thumbnailUrl\":\"https:\/\/vainoithatkhachsan.com\/wp-content\/uploads\/2017\/06\/vaisoc01.jpg\",\"datePublished\":\"2017-06-20T09:19:52+00:00\",\"dateModified\":\"2019-08-08T16:04:03+00:00\",\"description\":\"GIAVICO - C\u00f4ng ty chuy\u00ean s\u1ea3n xu\u1ea5t ch\u0103n ga g\u1ed1i kh\u00e1ch s\u1ea1n, resort tr\u00ean to\u00e0n qu\u1ed1cC\u00f4ng ty gi\u1edbi thi\u1ec7u \u0111\u1ebfn Qu\u00fd kh\u00e1ch h\u00e0ng d\u00f2ng v\u1ea3i s\u1ecdc 3cm, 2cm, 1cm chuy\u00ean s\u1eed d\u1ee5ng \u0111\u1ec3 s\u1ea3n xu\u1ea5t ch\u0103n g\u1ed1i kh\u00e1ch s\u1ea1n\",\"breadcrumb\":{\"@id\":\"https:\/\/vainoithatkhachsan.com\/en\/products\/vai-soc-satin-01\/#breadcrumb\"},\"inLanguage\":\"en-US\",\"potentialAction\":[{\"@type\":\"ReadAction\",\"target\":[\"https:\/\/vainoithatkhachsan.com\/en\/products\/vai-soc-satin-01\/\"]}]},{\"@type\":\"ImageObject\",\"inLanguage\":\"en-US\",\"@id\":\"https:\/\/vainoithatkhachsan.com\/en\/products\/vai-soc-satin-01\/#primaryimage\",\"url\":\"https:\/\/vainoithatkhachsan.com\/wp-content\/uploads\/2017\/06\/vaisoc01.jpg\",\"contentUrl\":\"https:\/\/vainoithatkhachsan.com\/wp-content\/uploads\/2017\/06\/vaisoc01.jpg\",\"width\":670,\"height\":499},{\"@type\":\"BreadcrumbList\",\"@id\":\"https:\/\/vainoithatkhachsan.com\/en\/products\/vai-soc-satin-01\/#breadcrumb\",\"itemListElement\":[{\"@type\":\"ListItem\",\"position\":1,\"name\":\"Trang ch\u1ee7\",\"item\":\"https:\/\/vainoithatkhachsan.com\/en\/\"},{\"@type\":\"ListItem\",\"position\":2,\"name\":\"Shop\",\"item\":\"https:\/\/vainoithatkhachsan.com\/en\/shop\/\"},{\"@type\":\"ListItem\",\"position\":3,\"name\":\"V\u1ea3i tr\u1eafng s\u1ecdc GV-02\"}]},{\"@type\":\"WebSite\",\"@id\":\"https:\/\/vainoithatkhachsan.com\/en\/#website\",\"url\":\"https:\/\/vainoithatkhachsan.com\/en\/\",\"name\":\"N\u1ed8I TH\u1ea4T GIA VI\u1ec6T\",\"description\":\"CHUY\u00caN CH\u0102N GA G\u1ed0I N\u1ec6M\",\"potentialAction\":[{\"@type\":\"SearchAction\",\"target\":{\"@type\":\"EntryPoint\",\"urlTemplate\":\"https:\/\/vainoithatkhachsan.com\/en\/?s={search_term_string}\"},\"query-input\":\"required name=search_term_string\"}],\"inLanguage\":\"en-US\"}]}<\/script>\n<!-- \/ Yoast SEO plugin. -->","yoast_head_json":{"title":"V\u1ea3i tr\u1eafng s\u1ecdc GV-02 - N\u1ed8I TH\u1ea4T GIA VI\u1ec6T","description":"GIAVICO - C\u00f4ng ty chuy\u00ean s\u1ea3n xu\u1ea5t ch\u0103n ga g\u1ed1i kh\u00e1ch s\u1ea1n, resort tr\u00ean to\u00e0n qu\u1ed1cC\u00f4ng ty gi\u1edbi thi\u1ec7u \u0111\u1ebfn Qu\u00fd kh\u00e1ch h\u00e0ng d\u00f2ng v\u1ea3i s\u1ecdc 3cm, 2cm, 1cm chuy\u00ean s\u1eed d\u1ee5ng \u0111\u1ec3 s\u1ea3n xu\u1ea5t ch\u0103n g\u1ed1i kh\u00e1ch s\u1ea1n","robots":{"index":"index","follow":"follow","max-snippet":"max-snippet:-1","max-image-preview":"max-image-preview:large","max-video-preview":"max-video-preview:-1"},"canonical":"https:\/\/vainoithatkhachsan.com\/en\/products\/vai-soc-satin-01\/","og_locale":"en_US","og_type":"article","og_title":"V\u1ea3i tr\u1eafng s\u1ecdc GV-02 - N\u1ed8I TH\u1ea4T GIA VI\u1ec6T","og_description":"GIAVICO - C\u00f4ng ty chuy\u00ean s\u1ea3n xu\u1ea5t ch\u0103n ga g\u1ed1i kh\u00e1ch s\u1ea1n, resort tr\u00ean to\u00e0n qu\u1ed1cC\u00f4ng ty gi\u1edbi thi\u1ec7u \u0111\u1ebfn Qu\u00fd kh\u00e1ch h\u00e0ng d\u00f2ng v\u1ea3i s\u1ecdc 3cm, 2cm, 1cm chuy\u00ean s\u1eed d\u1ee5ng \u0111\u1ec3 s\u1ea3n xu\u1ea5t ch\u0103n g\u1ed1i kh\u00e1ch s\u1ea1n","og_url":"https:\/\/vainoithatkhachsan.com\/en\/products\/vai-soc-satin-01\/","og_site_name":"N\u1ed8I TH\u1ea4T GIA VI\u1ec6T","article_modified_time":"2019-08-08T16:04:03+00:00","og_image":[{"width":670,"height":499,"url":"https:\/\/vainoithatkhachsan.com\/wp-content\/uploads\/2017\/06\/vaisoc01.jpg","type":"image\/jpeg"}],"twitter_card":"summary_large_image","schema":{"@context":"https:\/\/schema.org","@graph":[{"@type":"WebPage","@id":"https:\/\/vainoithatkhachsan.com\/en\/products\/vai-soc-satin-01\/","url":"https:\/\/vainoithatkhachsan.com\/en\/products\/vai-soc-satin-01\/","name":"V\u1ea3i tr\u1eafng s\u1ecdc GV-02 - N\u1ed8I TH\u1ea4T GIA VI\u1ec6T","isPartOf":{"@id":"https:\/\/vainoithatkhachsan.com\/en\/#website"},"primaryImageOfPage":{"@id":"https:\/\/vainoithatkhachsan.com\/en\/products\/vai-soc-satin-01\/#primaryimage"},"image":{"@id":"https:\/\/vainoithatkhachsan.com\/en\/products\/vai-soc-satin-01\/#primaryimage"},"thumbnailUrl":"https:\/\/vainoithatkhachsan.com\/wp-content\/uploads\/2017\/06\/vaisoc01.jpg","datePublished":"2017-06-20T09:19:52+00:00","dateModified":"2019-08-08T16:04:03+00:00","description":"GIAVICO - C\u00f4ng ty chuy\u00ean s\u1ea3n xu\u1ea5t ch\u0103n ga g\u1ed1i kh\u00e1ch s\u1ea1n, resort tr\u00ean to\u00e0n qu\u1ed1cC\u00f4ng ty gi\u1edbi thi\u1ec7u \u0111\u1ebfn Qu\u00fd kh\u00e1ch h\u00e0ng d\u00f2ng v\u1ea3i s\u1ecdc 3cm, 2cm, 1cm chuy\u00ean s\u1eed d\u1ee5ng \u0111\u1ec3 s\u1ea3n xu\u1ea5t ch\u0103n g\u1ed1i kh\u00e1ch s\u1ea1n","breadcrumb":{"@id":"https:\/\/vainoithatkhachsan.com\/en\/products\/vai-soc-satin-01\/#breadcrumb"},"inLanguage":"en-US","potentialAction":[{"@type":"ReadAction","target":["https:\/\/vainoithatkhachsan.com\/en\/products\/vai-soc-satin-01\/"]}]},{"@type":"ImageObject","inLanguage":"en-US","@id":"https:\/\/vainoithatkhachsan.com\/en\/products\/vai-soc-satin-01\/#primaryimage","url":"https:\/\/vainoithatkhachsan.com\/wp-content\/uploads\/2017\/06\/vaisoc01.jpg","contentUrl":"https:\/\/vainoithatkhachsan.com\/wp-content\/uploads\/2017\/06\/vaisoc01.jpg","width":670,"height":499},{"@type":"BreadcrumbList","@id":"https:\/\/vainoithatkhachsan.com\/en\/products\/vai-soc-satin-01\/#breadcrumb","itemListElement":[{"@type":"ListItem","position":1,"name":"Trang ch\u1ee7","item":"https:\/\/vainoithatkhachsan.com\/en\/"},{"@type":"ListItem","position":2,"name":"Shop","item":"https:\/\/vainoithatkhachsan.com\/en\/shop\/"},{"@type":"ListItem","position":3,"name":"V\u1ea3i tr\u1eafng s\u1ecdc GV-02"}]},{"@type":"WebSite","@id":"https:\/\/vainoithatkhachsan.com\/en\/#website","url":"https:\/\/vainoithatkhachsan.com\/en\/","name":"N\u1ed8I TH\u1ea4T GIA VI\u1ec6T","description":"CHUY\u00caN CH\u0102N GA G\u1ed0I N\u1ec6M","potentialAction":[{"@type":"SearchAction","target":{"@type":"EntryPoint","urlTemplate":"https:\/\/vainoithatkhachsan.com\/en\/?s={search_term_string}"},"query-input":"required name=search_term_string"}],"inLanguage":"en-US"}]}},"_links":{"self":[{"href":"https:\/\/vainoithatkhachsan.com\/en\/wp-json\/wp\/v2\/product\/6623"}],"collection":[{"href":"https:\/\/vainoithatkhachsan.com\/en\/wp-json\/wp\/v2\/product"}],"about":[{"href":"https:\/\/vainoithatkhachsan.com\/en\/wp-json\/wp\/v2\/types\/product"}],"replies":[{"embeddable":true,"href":"https:\/\/vainoithatkhachsan.com\/en\/wp-json\/wp\/v2\/comments?post=6623"}],"wp:featuredmedia":[{"embeddable":true,"href":"https:\/\/vainoithatkhachsan.com\/en\/wp-json\/wp\/v2\/media\/6626"}],"wp:attachment":[{"href":"https:\/\/vainoithatkhachsan.com\/en\/wp-json\/wp\/v2\/media?parent=6623"}],"wp:term":[{"taxonomy":"product_cat","embeddable":true,"href":"https:\/\/vainoithatkhachsan.com\/en\/wp-json\/wp\/v2\/product_cat?post=6623"},{"taxonomy":"product_tag","embeddable":true,"href":"https:\/\/vainoithatkhachsan.com\/en\/wp-json\/wp\/v2\/product_tag?post=6623"}],"curies":[{"name":"wp","href":"https:\/\/api.w.org\/{rel}","templated":true}]}}