
{"id":6632,"date":"2017-06-20T16:24:15","date_gmt":"2017-06-20T09:24:15","guid":{"rendered":"http:\/\/vainoithatkhachsan.com\/?post_type=product&#038;p=6632\/"},"modified":"2019-08-10T16:20:48","modified_gmt":"2019-08-10T09:20:48","slug":"vai-tencel","status":"publish","type":"product","link":"https:\/\/vainoithatkhachsan.com\/en\/products\/vai-tencel\/","title":{"rendered":"V\u1ea3i Tencel"},"content":{"rendered":"<p><em>GIAVICO &#8211; Nh\u00e0 m\u00e1y chuy\u00ean s\u1ea3n xu\u1ea5t ch\u0103n ga g\u1ed1i kh\u00e1ch s\u1ea1n theo y\u00eau c\u1ea7u<\/em><\/p>\n<p><em>C\u00f4ng ty gi\u1edbi thi\u1ec7u v\u1ea3i tencel may ch\u0103n ga g\u1ed1i, \u0111a d\u1ea1ng m\u00e0u s\u1eafc<\/em><\/p>\n<h3><strong>T\u1ea0I SAO CH\u1eccN GIAVICO?<\/strong><\/h3>\n<ol>\n<li><strong>GI\u1ea2I PH\u00c1P TO\u00c0N DI\u1ec6N<\/strong><\/li>\n<\/ol>\n<p><em>GIAVICO cung c\u1ea5p tr\u1ecdn g\u00f3i c\u00e1c s\u1ea3n ph\u1ea9m \u0111\u1ed3 v\u1ea3i cho c\u00e1c doanh nghi\u1ec7p trong l\u0129nh v\u1ef1c kh\u00e1ch s\u1ea1n, nh\u00e0 h\u00e0ng, resort, spa, tr\u01b0\u1eddng h\u1ecdc,\u2026: ch\u0103n ga g\u1ed1i kh\u00e1ch s\u1ea1n, kh\u0103n b\u00f4ng kh\u00e1ch s\u1ea1n, r\u00e8m c\u1eeda kh\u00e1ch s\u1ea1n, ch\u0103n g\u1ed1i nh\u00e0 tr\u1ebb tr\u01b0\u1eddng h\u1ecdc, n\u1ec7m kh\u00e1ch s\u1ea1n,&#8230;<\/em><\/p>\n<ol start=\"2\">\n<li><strong> GI\u00c1 C\u1ea2 \u1ed4N \u0110\u1ecaNH<\/strong><\/li>\n<\/ol>\n<p><em>Ch\u00fang t\u00f4i cam k\u1ebft gi\u00e1 c\u1ea3 \u1ed5n \u0111\u1ecbnh, ch\u1ea5t l\u01b0\u1ee3ng s\u1ea3n ph\u1ea9m lu\u00f4n \u0111\u01b0\u1ee3c c\u1ea3i ti\u1ebfn \u0111\u1ec3 ph\u00f9 h\u1ee3p v\u1edbi nhu c\u1ea7u hi\u1ec7n t\u1ea1i c\u1ee7a kh\u00e1ch h\u00e0ng<\/em><\/p>\n<ol start=\"3\">\n<li><strong> CH\u00cdNH S\u00c1CH B\u1ea2O H\u00c0NH<\/strong><\/li>\n<\/ol>\n<p><em>\u0110\u1ec3 kh\u00e1ch h\u00e0ng h\u00e0i long khi mua h\u00e0ng t\u1ea1i GIAVICO, GIAVICO c\u00f3 ch\u00ednh s\u00e1ch b\u1ea3o h\u00e0nh \u0111\u01b0\u1eddng kim m\u0169i ch\u1ec9 tr\u1ecdn \u0111\u1eddi, b\u1ea3o h\u00e0nh \u0111\u1ed9 x\u00f9 l\u00f4ng c\u1ee7a v\u1ea3i, b\u1ea3o h\u00e0nh \u0111\u1ed9 co r\u00fat v\u1ea3i =&gt; kh\u00e1ch h\u00e0ng y\u00ean t\u00e2m v\u1ec1 ch\u1ea5t l\u01b0\u1ee3ng s\u1ea3n ph\u1ea9m<\/em><\/p>\n<ol start=\"4\">\n<li><strong> THU H\u1ed2I \u0110\u1ed4I TR\u1ea2<\/strong><\/li>\n<\/ol>\n<p><em>GIVICO \u0111\u1ed3ng \u00fd \u0111\u1ed5i tr\u1ea3 h\u00e0ng trong v\u00f2ng 7 ng\u00e0y k\u1ec3 t\u1eeb ng\u00e0y nh\u1eadn h\u00e0ng n\u1ebfu h\u00e0ng h\u00f3a b\u1ecb l\u1ed7i do nh\u00e0 s\u1ea3n xu\u1ea5t<\/em><\/p>\n<p>&nbsp;<\/p>\n<p>&nbsp;<\/p>\n<p>&nbsp;<\/p>\n<p>&nbsp;<\/p>\n<p>&nbsp;<\/p>\n","protected":false},"excerpt":{"rendered":"<ul>\n<li><em>V\u1ea3i tencel \u0111\u01b0\u1ee3c t\u1ea1o ra t\u1eeb b\u1ed9t g\u1ed7 c\u1ee7a c\u00e2y b\u1ea1ch \u0111\u00e0n.<\/em><\/li>\n<li><em>\u01afu \u0111i\u1ec3m: v\u1ea3i m\u1ec1m m\u1ea1i, th\u00f4ng tho\u00e1ng, h\u00fat \u1ea9m t\u1ed1t, v\u00e0 ch\u1ed1ng nh\u0103n<\/em><\/li>\n<li><em>Nh\u01b0\u1ee3c \u0111i\u1ec3m: gi\u00e1 th\u00e0nh cao<\/em><\/li>\n<li><em>Li\u00ean h\u1ec7: 0906.87.11.86 \u0111\u1ec3 \u0111\u01b0\u1ee3c t\u01b0 v\u1ea5n<\/em><\/li>\n<\/ul>\n","protected":false},"featured_media":6634,"comment_status":"open","ping_status":"closed","template":"","meta":[],"product_cat":[119],"product_tag":[153,154,134,155,156,157,161,162,158,198],"yoast_head":"<!-- This site is optimized with the Yoast SEO plugin v22.4 - https:\/\/yoast.com\/wordpress\/plugins\/seo\/ -->\n<title>V\u1ea3i Tencel - N\u1ed8I TH\u1ea4T GIA VI\u1ec6T<\/title>\n<meta name=\"description\" content=\"GIAVICO - Nh\u00e0 m\u00e1y chuy\u00ean s\u1ea3n xu\u1ea5t ch\u0103n ga g\u1ed1i kh\u00e1ch s\u1ea1n theo y\u00eau c\u1ea7u - Nh\u1eadp v\u1ea3i tr\u1ef1c ti\u1ebfp t\u1eeb c\u00e1c nh\u00e0 m\u00e1y - Nh\u1eadn nh\u1eadp m\u1eabu v\u1ea3i theo y\u00eau c\u1ea7u v\u1edbi s\u1ed1 l\u01b0\u1ee3ng l\u1edbn - V\u1ea3i tencel - V\u1ea3i cotton - V\u1ea3i CVC - V\u1ea3i polyester\" \/>\n<meta name=\"robots\" content=\"index, follow, max-snippet:-1, max-image-preview:large, max-video-preview:-1\" \/>\n<link rel=\"canonical\" href=\"http:\/\/vainoithatkhachsan.com\/en\/products\/vai-tencel\/\" \/>\n<meta property=\"og:locale\" content=\"en_US\" \/>\n<meta property=\"og:type\" content=\"article\" \/>\n<meta property=\"og:title\" content=\"V\u1ea3i Tencel - N\u1ed8I TH\u1ea4T GIA VI\u1ec6T\" \/>\n<meta property=\"og:description\" content=\"GIAVICO - Nh\u00e0 m\u00e1y chuy\u00ean s\u1ea3n xu\u1ea5t ch\u0103n ga g\u1ed1i kh\u00e1ch s\u1ea1n theo y\u00eau c\u1ea7u - Nh\u1eadp v\u1ea3i tr\u1ef1c ti\u1ebfp t\u1eeb c\u00e1c nh\u00e0 m\u00e1y - Nh\u1eadn nh\u1eadp m\u1eabu v\u1ea3i theo y\u00eau c\u1ea7u v\u1edbi s\u1ed1 l\u01b0\u1ee3ng l\u1edbn - V\u1ea3i tencel - V\u1ea3i cotton - V\u1ea3i CVC - V\u1ea3i polyester\" \/>\n<meta property=\"og:url\" content=\"http:\/\/vainoithatkhachsan.com\/en\/products\/vai-tencel\/\" \/>\n<meta property=\"og:site_name\" content=\"N\u1ed8I TH\u1ea4T GIA VI\u1ec6T\" \/>\n<meta property=\"article:modified_time\" content=\"2019-08-10T09:20:48+00:00\" \/>\n<meta property=\"og:image\" content=\"http:\/\/vainoithatkhachsan.com\/wp-content\/uploads\/2017\/06\/vaitencel.jpg\" \/>\n\t<meta property=\"og:image:width\" content=\"800\" \/>\n\t<meta property=\"og:image:height\" content=\"493\" \/>\n\t<meta property=\"og:image:type\" content=\"image\/jpeg\" \/>\n<meta name=\"twitter:card\" content=\"summary_large_image\" \/>\n<meta name=\"twitter:label1\" content=\"Est. reading time\" \/>\n\t<meta name=\"twitter:data1\" content=\"2 minutes\" \/>\n<script type=\"application\/ld+json\" class=\"yoast-schema-graph\">{\"@context\":\"https:\/\/schema.org\",\"@graph\":[{\"@type\":\"WebPage\",\"@id\":\"http:\/\/vainoithatkhachsan.com\/en\/products\/vai-tencel\/\",\"url\":\"http:\/\/vainoithatkhachsan.com\/en\/products\/vai-tencel\/\",\"name\":\"V\u1ea3i Tencel - N\u1ed8I TH\u1ea4T GIA VI\u1ec6T\",\"isPartOf\":{\"@id\":\"https:\/\/vainoithatkhachsan.com\/en\/#website\"},\"primaryImageOfPage\":{\"@id\":\"http:\/\/vainoithatkhachsan.com\/en\/products\/vai-tencel\/#primaryimage\"},\"image\":{\"@id\":\"http:\/\/vainoithatkhachsan.com\/en\/products\/vai-tencel\/#primaryimage\"},\"thumbnailUrl\":\"https:\/\/vainoithatkhachsan.com\/wp-content\/uploads\/2017\/06\/vaitencel.jpg\",\"datePublished\":\"2017-06-20T09:24:15+00:00\",\"dateModified\":\"2019-08-10T09:20:48+00:00\",\"description\":\"GIAVICO - Nh\u00e0 m\u00e1y chuy\u00ean s\u1ea3n xu\u1ea5t ch\u0103n ga g\u1ed1i kh\u00e1ch s\u1ea1n theo y\u00eau c\u1ea7u - Nh\u1eadp v\u1ea3i tr\u1ef1c ti\u1ebfp t\u1eeb c\u00e1c nh\u00e0 m\u00e1y - Nh\u1eadn nh\u1eadp m\u1eabu v\u1ea3i theo y\u00eau c\u1ea7u v\u1edbi s\u1ed1 l\u01b0\u1ee3ng l\u1edbn - V\u1ea3i tencel - V\u1ea3i cotton - V\u1ea3i CVC - V\u1ea3i polyester\",\"breadcrumb\":{\"@id\":\"http:\/\/vainoithatkhachsan.com\/en\/products\/vai-tencel\/#breadcrumb\"},\"inLanguage\":\"en-US\",\"potentialAction\":[{\"@type\":\"ReadAction\",\"target\":[\"http:\/\/vainoithatkhachsan.com\/en\/products\/vai-tencel\/\"]}]},{\"@type\":\"ImageObject\",\"inLanguage\":\"en-US\",\"@id\":\"http:\/\/vainoithatkhachsan.com\/en\/products\/vai-tencel\/#primaryimage\",\"url\":\"https:\/\/vainoithatkhachsan.com\/wp-content\/uploads\/2017\/06\/vaitencel.jpg\",\"contentUrl\":\"https:\/\/vainoithatkhachsan.com\/wp-content\/uploads\/2017\/06\/vaitencel.jpg\",\"width\":800,\"height\":493},{\"@type\":\"BreadcrumbList\",\"@id\":\"http:\/\/vainoithatkhachsan.com\/en\/products\/vai-tencel\/#breadcrumb\",\"itemListElement\":[{\"@type\":\"ListItem\",\"position\":1,\"name\":\"Trang ch\u1ee7\",\"item\":\"https:\/\/vainoithatkhachsan.com\/en\/\"},{\"@type\":\"ListItem\",\"position\":2,\"name\":\"Shop\",\"item\":\"https:\/\/vainoithatkhachsan.com\/en\/shop\/\"},{\"@type\":\"ListItem\",\"position\":3,\"name\":\"V\u1ea3i Tencel\"}]},{\"@type\":\"WebSite\",\"@id\":\"https:\/\/vainoithatkhachsan.com\/en\/#website\",\"url\":\"https:\/\/vainoithatkhachsan.com\/en\/\",\"name\":\"N\u1ed8I TH\u1ea4T GIA VI\u1ec6T\",\"description\":\"CHUY\u00caN CH\u0102N GA G\u1ed0I N\u1ec6M\",\"potentialAction\":[{\"@type\":\"SearchAction\",\"target\":{\"@type\":\"EntryPoint\",\"urlTemplate\":\"https:\/\/vainoithatkhachsan.com\/en\/?s={search_term_string}\"},\"query-input\":\"required name=search_term_string\"}],\"inLanguage\":\"en-US\"}]}<\/script>\n<!-- \/ Yoast SEO plugin. -->","yoast_head_json":{"title":"V\u1ea3i Tencel - N\u1ed8I TH\u1ea4T GIA VI\u1ec6T","description":"GIAVICO - Nh\u00e0 m\u00e1y chuy\u00ean s\u1ea3n xu\u1ea5t ch\u0103n ga g\u1ed1i kh\u00e1ch s\u1ea1n theo y\u00eau c\u1ea7u - Nh\u1eadp v\u1ea3i tr\u1ef1c ti\u1ebfp t\u1eeb c\u00e1c nh\u00e0 m\u00e1y - Nh\u1eadn nh\u1eadp m\u1eabu v\u1ea3i theo y\u00eau c\u1ea7u v\u1edbi s\u1ed1 l\u01b0\u1ee3ng l\u1edbn - V\u1ea3i tencel - V\u1ea3i cotton - V\u1ea3i CVC - V\u1ea3i polyester","robots":{"index":"index","follow":"follow","max-snippet":"max-snippet:-1","max-image-preview":"max-image-preview:large","max-video-preview":"max-video-preview:-1"},"canonical":"http:\/\/vainoithatkhachsan.com\/en\/products\/vai-tencel\/","og_locale":"en_US","og_type":"article","og_title":"V\u1ea3i Tencel - N\u1ed8I TH\u1ea4T GIA VI\u1ec6T","og_description":"GIAVICO - Nh\u00e0 m\u00e1y chuy\u00ean s\u1ea3n xu\u1ea5t ch\u0103n ga g\u1ed1i kh\u00e1ch s\u1ea1n theo y\u00eau c\u1ea7u - Nh\u1eadp v\u1ea3i tr\u1ef1c ti\u1ebfp t\u1eeb c\u00e1c nh\u00e0 m\u00e1y - Nh\u1eadn nh\u1eadp m\u1eabu v\u1ea3i theo y\u00eau c\u1ea7u v\u1edbi s\u1ed1 l\u01b0\u1ee3ng l\u1edbn - V\u1ea3i tencel - V\u1ea3i cotton - V\u1ea3i CVC - V\u1ea3i polyester","og_url":"http:\/\/vainoithatkhachsan.com\/en\/products\/vai-tencel\/","og_site_name":"N\u1ed8I TH\u1ea4T GIA VI\u1ec6T","article_modified_time":"2019-08-10T09:20:48+00:00","og_image":[{"width":800,"height":493,"url":"http:\/\/vainoithatkhachsan.com\/wp-content\/uploads\/2017\/06\/vaitencel.jpg","type":"image\/jpeg"}],"twitter_card":"summary_large_image","twitter_misc":{"Est. reading time":"2 minutes"},"schema":{"@context":"https:\/\/schema.org","@graph":[{"@type":"WebPage","@id":"http:\/\/vainoithatkhachsan.com\/en\/products\/vai-tencel\/","url":"http:\/\/vainoithatkhachsan.com\/en\/products\/vai-tencel\/","name":"V\u1ea3i Tencel - N\u1ed8I TH\u1ea4T GIA VI\u1ec6T","isPartOf":{"@id":"https:\/\/vainoithatkhachsan.com\/en\/#website"},"primaryImageOfPage":{"@id":"http:\/\/vainoithatkhachsan.com\/en\/products\/vai-tencel\/#primaryimage"},"image":{"@id":"http:\/\/vainoithatkhachsan.com\/en\/products\/vai-tencel\/#primaryimage"},"thumbnailUrl":"https:\/\/vainoithatkhachsan.com\/wp-content\/uploads\/2017\/06\/vaitencel.jpg","datePublished":"2017-06-20T09:24:15+00:00","dateModified":"2019-08-10T09:20:48+00:00","description":"GIAVICO - Nh\u00e0 m\u00e1y chuy\u00ean s\u1ea3n xu\u1ea5t ch\u0103n ga g\u1ed1i kh\u00e1ch s\u1ea1n theo y\u00eau c\u1ea7u - Nh\u1eadp v\u1ea3i tr\u1ef1c ti\u1ebfp t\u1eeb c\u00e1c nh\u00e0 m\u00e1y - Nh\u1eadn nh\u1eadp m\u1eabu v\u1ea3i theo y\u00eau c\u1ea7u v\u1edbi s\u1ed1 l\u01b0\u1ee3ng l\u1edbn - V\u1ea3i tencel - V\u1ea3i cotton - V\u1ea3i CVC - V\u1ea3i polyester","breadcrumb":{"@id":"http:\/\/vainoithatkhachsan.com\/en\/products\/vai-tencel\/#breadcrumb"},"inLanguage":"en-US","potentialAction":[{"@type":"ReadAction","target":["http:\/\/vainoithatkhachsan.com\/en\/products\/vai-tencel\/"]}]},{"@type":"ImageObject","inLanguage":"en-US","@id":"http:\/\/vainoithatkhachsan.com\/en\/products\/vai-tencel\/#primaryimage","url":"https:\/\/vainoithatkhachsan.com\/wp-content\/uploads\/2017\/06\/vaitencel.jpg","contentUrl":"https:\/\/vainoithatkhachsan.com\/wp-content\/uploads\/2017\/06\/vaitencel.jpg","width":800,"height":493},{"@type":"BreadcrumbList","@id":"http:\/\/vainoithatkhachsan.com\/en\/products\/vai-tencel\/#breadcrumb","itemListElement":[{"@type":"ListItem","position":1,"name":"Trang ch\u1ee7","item":"https:\/\/vainoithatkhachsan.com\/en\/"},{"@type":"ListItem","position":2,"name":"Shop","item":"https:\/\/vainoithatkhachsan.com\/en\/shop\/"},{"@type":"ListItem","position":3,"name":"V\u1ea3i Tencel"}]},{"@type":"WebSite","@id":"https:\/\/vainoithatkhachsan.com\/en\/#website","url":"https:\/\/vainoithatkhachsan.com\/en\/","name":"N\u1ed8I TH\u1ea4T GIA VI\u1ec6T","description":"CHUY\u00caN CH\u0102N GA G\u1ed0I N\u1ec6M","potentialAction":[{"@type":"SearchAction","target":{"@type":"EntryPoint","urlTemplate":"https:\/\/vainoithatkhachsan.com\/en\/?s={search_term_string}"},"query-input":"required name=search_term_string"}],"inLanguage":"en-US"}]}},"_links":{"self":[{"href":"https:\/\/vainoithatkhachsan.com\/en\/wp-json\/wp\/v2\/product\/6632"}],"collection":[{"href":"https:\/\/vainoithatkhachsan.com\/en\/wp-json\/wp\/v2\/product"}],"about":[{"href":"https:\/\/vainoithatkhachsan.com\/en\/wp-json\/wp\/v2\/types\/product"}],"replies":[{"embeddable":true,"href":"https:\/\/vainoithatkhachsan.com\/en\/wp-json\/wp\/v2\/comments?post=6632"}],"wp:featuredmedia":[{"embeddable":true,"href":"https:\/\/vainoithatkhachsan.com\/en\/wp-json\/wp\/v2\/media\/6634"}],"wp:attachment":[{"href":"https:\/\/vainoithatkhachsan.com\/en\/wp-json\/wp\/v2\/media?parent=6632"}],"wp:term":[{"taxonomy":"product_cat","embeddable":true,"href":"https:\/\/vainoithatkhachsan.com\/en\/wp-json\/wp\/v2\/product_cat?post=6632"},{"taxonomy":"product_tag","embeddable":true,"href":"https:\/\/vainoithatkhachsan.com\/en\/wp-json\/wp\/v2\/product_tag?post=6632"}],"curies":[{"name":"wp","href":"https:\/\/api.w.org\/{rel}","templated":true}]}}